{"id":5027,"date":"2021-12-08T19:32:13","date_gmt":"2021-12-08T19:32:13","guid":{"rendered":"http:\/\/co.glidewellstg.wpengine.com\/?page_id=5027"},"modified":"2024-02-27T18:15:43","modified_gmt":"2024-02-27T18:15:43","slug":"pfm","status":"publish","type":"page","link":"https:\/\/co.glidewelldental.com\/en\/solutions\/crown-and-bridge\/pfm\/","title":{"rendered":"PFM"},"content":{"rendered":"<div data-elementor-type=\"wp-page\" data-elementor-id=\"5027\" class=\"elementor elementor-5027\" data-elementor-post-type=\"page\">\n\t\t\t\t\t\t<section class=\"elementor-section elementor-top-section elementor-element elementor-element-3a26dc3 elementor-section-height-min-height elementor-section-boxed elementor-section-height-default elementor-section-items-middle\" data-id=\"3a26dc3\" data-element_type=\"section\" data-settings=\"{&quot;background_background&quot;:&quot;classic&quot;}\">\n\t\t\t\t\t\t<div class=\"elementor-container elementor-column-gap-no\">\n\t\t\t\t\t<div class=\"elementor-column elementor-col-100 elementor-top-column elementor-element elementor-element-431c47f\" data-id=\"431c47f\" data-element_type=\"column\">\n\t\t\t<div class=\"elementor-widget-wrap elementor-element-populated\">\n\t\t\t\t\t\t<div class=\"elementor-element elementor-element-a492c1b elementor-widget elementor-widget-template\" data-id=\"a492c1b\" data-element_type=\"widget\" data-widget_type=\"template.default\">\n\t\t\t\t<div class=\"elementor-widget-container\">\n\t\t\t\t\t\t\t<div class=\"elementor-template\">\n\t\t\t\t\t<div data-elementor-type=\"section\" data-elementor-id=\"4702\" class=\"elementor elementor-4702\" data-elementor-post-type=\"elementor_library\">\n\t\t\t\t\t<section class=\"elementor-section elementor-top-section elementor-element elementor-element-19b9e951 elementor-section-height-min-height elementor-section-stretched elementor-section-boxed elementor-section-height-default elementor-section-items-middle\" data-id=\"19b9e951\" data-element_type=\"section\" data-settings=\"{&quot;background_background&quot;:&quot;classic&quot;,&quot;stretch_section&quot;:&quot;section-stretched&quot;}\">\n\t\t\t\t\t\t<div class=\"elementor-container elementor-column-gap-no\">\n\t\t\t\t\t<div class=\"elementor-column elementor-col-100 elementor-top-column elementor-element elementor-element-7fb50d6c\" data-id=\"7fb50d6c\" data-element_type=\"column\">\n\t\t\t<div class=\"elementor-widget-wrap elementor-element-populated\">\n\t\t\t\t\t\t<div class=\"elementor-element elementor-element-448bcae9 elementor-align-left elementor-widget elementor-widget-breadcrumbs\" data-id=\"448bcae9\" data-element_type=\"widget\" data-widget_type=\"breadcrumbs.default\">\n\t\t\t\t<div class=\"elementor-widget-container\">\n\t\t\t\t\t<p id=\"breadcrumbs\"><span><span><a href=\"https:\/\/co.glidewelldental.com\/en\/\">Home<\/a><\/span><\/span><\/p>\t\t\t\t<\/div>\n\t\t\t\t<\/div>\n\t\t\t\t\t<\/div>\n\t\t<\/div>\n\t\t\t\t\t<\/div>\n\t\t<\/section>\n\t\t\t\t<\/div>\n\t\t\t\t<\/div>\n\t\t\t\t\t\t<\/div>\n\t\t\t\t<\/div>\n\t\t\t\t\t<\/div>\n\t\t<\/div>\n\t\t\t\t\t<\/div>\n\t\t<\/section>\n\t\t\t\t<section class=\"elementor-section elementor-top-section elementor-element elementor-element-75095c2 elementor-section-height-min-height elementor-section-boxed elementor-section-height-default elementor-section-items-middle\" data-id=\"75095c2\" data-element_type=\"section\" data-settings=\"{&quot;background_background&quot;:&quot;classic&quot;}\">\n\t\t\t\t\t\t\t<div class=\"elementor-background-overlay\"><\/div>\n\t\t\t\t\t\t\t<div class=\"elementor-container elementor-column-gap-no\">\n\t\t\t\t\t<div class=\"elementor-column elementor-col-100 elementor-top-column elementor-element elementor-element-30e4552\" data-id=\"30e4552\" data-element_type=\"column\">\n\t\t\t<div class=\"elementor-widget-wrap elementor-element-populated\">\n\t\t\t\t\t\t<div class=\"elementor-element elementor-element-ba9fadf elementor-position-left elementor-view-stacked elementor-vertical-align-middle elementor-shape-square elementor-mobile-position-top elementor-widget elementor-widget-icon-box\" data-id=\"ba9fadf\" data-element_type=\"widget\" data-widget_type=\"icon-box.default\">\n\t\t\t\t<div class=\"elementor-widget-container\">\n\t\t\t\t\t\t\t<div class=\"elementor-icon-box-wrapper\">\n\n\t\t\t\t\t\t<div class=\"elementor-icon-box-icon\">\n\t\t\t\t<span  class=\"elementor-icon\">\n\t\t\t\t<svg xmlns=\"http:\/\/www.w3.org\/2000\/svg\" viewbox=\"0 0 143.12 143.12\"><defs><style>.cls-1,.cls-2{fill:none;stroke:#fff;stroke-width:1.5px;}.cls-1{stroke-miterlimit:10;}.cls-2{stroke-linecap:round;stroke-linejoin:round;}<\/style><\/defs><g id=\"background_circle\" data-name=\"background circle\"><path class=\"cls-1\" d=\"M72.3,142.81A70.81,70.81,0,1,0,1.49,72,70.81,70.81,0,0,0,72.3,142.81Z\" transform=\"translate(-0.74 -0.44)\"><\/path><\/g><g id=\"Layer_1\" data-name=\"Layer 1\"><path class=\"cls-2\" d=\"M49.46,88.24a5.08,5.08,0,0,0,0-2.68A5,5,0,0,0,48,83.27c-1.44-1.28-3.26-1.15-3.8-2.66-1.27-3.51-3.11-8.48-7.69-8.48-5,0-6.37,4.93-7.66,8.4-.56,1.53-2.4,1.44-4,2.76a5,5,0,0,0-1.45,5,79.67,79.67,0,0,1,1.64,9.81c.5,4.34,1.62,12.1,3.29,14.46s2.89.21,2.78-2.29c-.16-6-.23-8.34,1.09-13.64,1.25-4.88,7.14-4.88,8.37,0,1.35,5.3,1.27,7.6,1.11,13.64-.07,2.5,1.12,4.58,2.78,2.29s2.77-10,3.28-14.46a82.21,82.21,0,0,1,1.68-9.84Z\" transform=\"translate(-0.74 -0.44)\"><\/path><path class=\"cls-2\" d=\"M41.25,46c-2,1.31-5.94-2.23-8.17-3.11-9-4.12-15.58,6.43-10.81,17.56a22.17,22.17,0,0,1,1.33,4.71c.22,1.13,2.11,1.45,2.11,1.45a43.11,43.11,0,0,0,21.35,0s1.89-.39,2.11-1.45a23.43,23.43,0,0,1,1.34-4.71c2.3-5.26,2.36-11.69,0-15.25s-7.22-4.52-14.2-.82\" transform=\"translate(-0.74 -0.44)\"><\/path><path class=\"cls-2\" d=\"M114.38,45.47c-2.35,1.36-7-2.27-9.58-3.17-10.59-4-18.29,6.43-12.68,17.62a22.87,22.87,0,0,1,1.56,4.85c.24,1.15,2.47,1.64,2.47,1.62a50.63,50.63,0,0,0,25.06,0s2.22-.47,2.47-1.63a22.66,22.66,0,0,1,1.57-4.8c2.7-5.39,2.76-11.76,0-15.32s-8.47-4.58-16.67-.78\" transform=\"translate(-0.74 -0.44)\"><\/path><path class=\"cls-2\" d=\"M77,45.47c-2.36,1.36-7-2.27-9.59-3.17-10.59-4-18.22,6.43-12.68,17.62a22.87,22.87,0,0,1,1.56,4.85c.24,1.15,2.47,1.64,2.47,1.62a50.63,50.63,0,0,0,25.06,0s2.22-.47,2.47-1.63A23.21,23.21,0,0,1,87.84,60c2.71-5.39,2.77-11.76,0-15.32s-8.47-4.58-16.68-.78\" transform=\"translate(-0.74 -0.44)\"><\/path><path class=\"cls-2\" d=\"M124,88.24a4.53,4.53,0,0,0,0-2.75,4.62,4.62,0,0,0-1.62-2.22c-1.77-1.28-3.8-1.15-4.47-2.6-1.44-3.51-3.64-8.48-9-8.48-5.88,0-7.48,4.93-9,8.39C99.21,82.12,97,82,95.22,83.34a4.53,4.53,0,0,0-1.7,5,71.76,71.76,0,0,1,1.9,9.75c.6,4.34,1.9,12.1,3.86,14.46s3.34.21,3.25-2.29c-.18-6-.26-8.34,1.31-13.64A5,5,0,0,1,105.69,94a5.14,5.14,0,0,1,6.12,0,5,5,0,0,1,1.85,2.64c1.56,5.3,1.45,7.6,1.3,13.64-.08,2.5,1.3,4.58,3.25,2.29s3.27-10,3.86-14.46A71.65,71.65,0,0,1,124,88.24Z\" transform=\"translate(-0.74 -0.44)\"><\/path><path class=\"cls-2\" d=\"M15.71,85.4c4.53,0,12.52,2.73,21.13,1.87,4.12-.4,12.31-1.86,16.45-1.87C57.75,85.4,63.4,87,71,87.27c7.13.22,13.53-1.86,18.08-1.87s14.18,1.87,18.93,1.87c8.06,0,17.24-3.72,22.52-1.87\" transform=\"translate(-0.74 -0.44)\"><\/path><path class=\"cls-2\" d=\"M71.36,72.17v9.28\" transform=\"translate(-0.74 -0.44)\"><\/path><path class=\"cls-2\" d=\"M68.21,78.56l3.18,3.21,3.12-3.21\" transform=\"translate(-0.74 -0.44)\"><\/path><\/g><\/svg>\t\t\t\t<\/span>\n\t\t\t<\/div>\n\t\t\t\n\t\t\t\n\t\t<\/div>\n\t\t\t\t\t\t<\/div>\n\t\t\t\t<\/div>\n\t\t\t\t\t<\/div>\n\t\t<\/div>\n\t\t\t\t\t<\/div>\n\t\t<\/section>\n\t\t\t\t<section class=\"elementor-section elementor-top-section elementor-element elementor-element-015e9ea elementor-section-boxed elementor-section-height-default elementor-section-height-default\" data-id=\"015e9ea\" data-element_type=\"section\">\n\t\t\t\t\t\t<div class=\"elementor-container elementor-column-gap-no\">\n\t\t\t\t\t<div class=\"elementor-column elementor-col-25 elementor-top-column elementor-element elementor-element-4569fd2\" data-id=\"4569fd2\" data-element_type=\"column\">\n\t\t\t<div class=\"elementor-widget-wrap elementor-element-populated\">\n\t\t\t\t\t\t<div class=\"elementor-element elementor-element-ee72e24 elementor-widget elementor-widget-global elementor-global-5429 elementor-widget-heading\" data-id=\"ee72e24\" data-element_type=\"widget\" data-widget_type=\"heading.default\">\n\t\t\t\t<div class=\"elementor-widget-container\">\n\t\t\t\t\t<h2 class=\"elementor-heading-title elementor-size-default\">Categories<\/h2>\t\t\t\t<\/div>\n\t\t\t\t<\/div>\n\t\t\t\t<div class=\"elementor-element elementor-element-208d7c5 elementor-nav-menu__align-start elementor-nav-menu--dropdown-none elementor-widget elementor-widget-global elementor-global-5208 elementor-widget-nav-menu\" data-id=\"208d7c5\" data-element_type=\"widget\" id=\"gl-category\" data-settings=\"{&quot;layout&quot;:&quot;vertical&quot;,&quot;submenu_icon&quot;:{&quot;value&quot;:&quot;&quot;,&quot;library&quot;:&quot;&quot;}}\" data-widget_type=\"nav-menu.default\">\n\t\t\t\t<div class=\"elementor-widget-container\">\n\t\t\t\t\t\t\t\t<nav aria-label=\"Menu\" class=\"elementor-nav-menu--main elementor-nav-menu__container elementor-nav-menu--layout-vertical e--pointer-none\">\n\t\t\t\t<ul id=\"menu-1-208d7c5\" class=\"elementor-nav-menu sm-vertical\"><li class=\"menu-item menu-item-type-post_type menu-item-object-page menu-item-5009\"><a href=\"https:\/\/co.glidewelldental.com\/en\/solutions\/crown-and-bridge\/\" class=\"elementor-item\">View All<\/a><\/li>\n<li class=\"menu-item menu-item-type-post_type menu-item-object-page menu-item-5021\"><a href=\"https:\/\/co.glidewelldental.com\/en\/solutions\/crown-and-bridge\/bruxzir-zirconia\/\" class=\"elementor-item\">Zirconia<\/a><\/li>\n<li class=\"menu-item menu-item-type-post_type menu-item-object-page menu-item-5028\"><a href=\"https:\/\/co.glidewelldental.com\/en\/solutions\/crown-and-bridge\/pfm\/\" class=\"elementor-item\">PFM<\/a><\/li>\n<li class=\"menu-item menu-item-type-post_type menu-item-object-page menu-item-5481\"><a href=\"https:\/\/co.glidewelldental.com\/en\/solutions\/crown-and-bridge\/glass-ceramics\/\" class=\"elementor-item\">Glass Ceramics<\/a><\/li>\n<li class=\"menu-item menu-item-type-post_type menu-item-object-page menu-item-5100\"><a href=\"https:\/\/co.glidewelldental.com\/en\/solutions\/crown-and-bridge\/full-cast\/\" class=\"elementor-item\">Metal Non-Precious<\/a><\/li>\n<\/ul>\t\t\t<\/nav>\n\t\t\t\t\t\t<nav class=\"elementor-nav-menu--dropdown elementor-nav-menu__container\" aria-hidden=\"true\">\n\t\t\t\t<ul id=\"menu-2-208d7c5\" class=\"elementor-nav-menu sm-vertical\"><li class=\"menu-item menu-item-type-post_type menu-item-object-page menu-item-5009\"><a href=\"https:\/\/co.glidewelldental.com\/en\/solutions\/crown-and-bridge\/\" class=\"elementor-item\" tabindex=\"-1\">View All<\/a><\/li>\n<li class=\"menu-item menu-item-type-post_type menu-item-object-page menu-item-5021\"><a href=\"https:\/\/co.glidewelldental.com\/en\/solutions\/crown-and-bridge\/bruxzir-zirconia\/\" class=\"elementor-item\" tabindex=\"-1\">Zirconia<\/a><\/li>\n<li class=\"menu-item menu-item-type-post_type menu-item-object-page menu-item-5028\"><a href=\"https:\/\/co.glidewelldental.com\/en\/solutions\/crown-and-bridge\/pfm\/\" class=\"elementor-item\" tabindex=\"-1\">PFM<\/a><\/li>\n<li class=\"menu-item menu-item-type-post_type menu-item-object-page menu-item-5481\"><a href=\"https:\/\/co.glidewelldental.com\/en\/solutions\/crown-and-bridge\/glass-ceramics\/\" class=\"elementor-item\" tabindex=\"-1\">Glass Ceramics<\/a><\/li>\n<li class=\"menu-item menu-item-type-post_type menu-item-object-page menu-item-5100\"><a href=\"https:\/\/co.glidewelldental.com\/en\/solutions\/crown-and-bridge\/full-cast\/\" class=\"elementor-item\" tabindex=\"-1\">Metal Non-Precious<\/a><\/li>\n<\/ul>\t\t\t<\/nav>\n\t\t\t\t\t\t<\/div>\n\t\t\t\t<\/div>\n\t\t\t\t\t<\/div>\n\t\t<\/div>\n\t\t\t\t<div class=\"elementor-column elementor-col-25 elementor-top-column elementor-element elementor-element-36ec83b\" data-id=\"36ec83b\" data-element_type=\"column\" data-settings=\"{&quot;background_background&quot;:&quot;classic&quot;}\">\n\t\t\t<div class=\"elementor-widget-wrap elementor-element-populated\">\n\t\t\t\t\t\t<div class=\"elementor-element elementor-element-51f54b5 elementor-widget elementor-widget-global elementor-global-5444 elementor-widget-image\" data-id=\"51f54b5\" data-element_type=\"widget\" data-widget_type=\"image.default\">\n\t\t\t\t<div class=\"elementor-widget-container\">\n\t\t\t\t\t\t\t\t\t\t\t\t\t\t\t\t<a href=\"https:\/\/co.glidewelldental.com\/en\/solutions\/crown-and-bridge\/pfm\/obsidian-fused-to-metal\/\">\n\t\t\t\t\t\t\t<img fetchpriority=\"high\" decoding=\"async\" width=\"800\" height=\"450\" src=\"https:\/\/co.glidewelldental.com\/wp-content\/uploads\/sites\/9\/2021\/10\/obsidian-fused-to-metal.png\" class=\"attachment-large size-large wp-image-4521\" alt=\"Obsidian\u00ae Fused to Metal\" \/>\t\t\t\t\t\t\t\t<\/a>\n\t\t\t\t\t\t\t\t\t\t\t\t\t\t\t<\/div>\n\t\t\t\t<\/div>\n\t\t\t\t<div class=\"elementor-element elementor-element-1feb68f elementor-widget elementor-widget-global elementor-global-5445 elementor-widget-heading\" data-id=\"1feb68f\" data-element_type=\"widget\" data-widget_type=\"heading.default\">\n\t\t\t\t<div class=\"elementor-widget-container\">\n\t\t\t\t\t<h2 class=\"elementor-heading-title elementor-size-default translation-block\">Obsidian<sup>\u00ae<\/sup> Fused to Metal<\/h2>\t\t\t\t<\/div>\n\t\t\t\t<\/div>\n\t\t\t\t<div class=\"elementor-element elementor-element-5f32942 elementor-widget elementor-widget-global elementor-global-5446 elementor-widget-text-editor\" data-id=\"5f32942\" data-element_type=\"widget\" data-widget_type=\"text-editor.default\">\n\t\t\t\t<div class=\"elementor-widget-container\">\n\t\t\t\t\t\t\t\t\t<ul class=\"red-bull\" style=\"margin-left: 1rem;\"><li class=\"translation-block\">Over four times stronger and two times more chip resistant than Ceramco<sup><small>\u00ae<\/small><\/sup>3 PFM ceramic<\/li><li>Ideal for crowns &amp; bridges anywhere in the arch, and restorations in the esthetic zone<\/li><li>Creates finer margins, provides exceptional esthetics and superior strength<\/li><\/ul>\t\t\t\t\t\t\t\t<\/div>\n\t\t\t\t<\/div>\n\t\t\t\t<div class=\"elementor-element elementor-element-c59b270 elementor-align-center elementor-widget elementor-widget-global elementor-global-5447 elementor-widget-button\" data-id=\"c59b270\" data-element_type=\"widget\" data-widget_type=\"button.default\">\n\t\t\t\t<div class=\"elementor-widget-container\">\n\t\t\t\t\t\t\t\t\t<div class=\"elementor-button-wrapper\">\n\t\t\t\t\t<a class=\"elementor-button elementor-button-link elementor-size-sm\" href=\"https:\/\/co.glidewelldental.com\/en\/solutions\/crown-and-bridge\/pfm\/obsidian-fused-to-metal\/\">\n\t\t\t\t\t\t<span class=\"elementor-button-content-wrapper\">\n\t\t\t\t\t\t\t\t\t<span class=\"elementor-button-text\">LEARN MORE<\/span>\n\t\t\t\t\t<\/span>\n\t\t\t\t\t<\/a>\n\t\t\t\t<\/div>\n\t\t\t\t\t\t\t\t<\/div>\n\t\t\t\t<\/div>\n\t\t\t\t\t<\/div>\n\t\t<\/div>\n\t\t\t\t<div class=\"elementor-column elementor-col-25 elementor-top-column elementor-element elementor-element-c9702fc\" data-id=\"c9702fc\" data-element_type=\"column\" data-settings=\"{&quot;background_background&quot;:&quot;classic&quot;}\">\n\t\t\t<div class=\"elementor-widget-wrap\">\n\t\t\t\t\t\t\t<\/div>\n\t\t<\/div>\n\t\t\t\t<div class=\"elementor-column elementor-col-25 elementor-top-column elementor-element elementor-element-bc323c5\" data-id=\"bc323c5\" data-element_type=\"column\" data-settings=\"{&quot;background_background&quot;:&quot;classic&quot;}\">\n\t\t\t<div class=\"elementor-widget-wrap\">\n\t\t\t\t\t\t\t<\/div>\n\t\t<\/div>\n\t\t\t\t\t<\/div>\n\t\t<\/section>\n\t\t\t\t<\/div>","protected":false},"excerpt":{"rendered":"<p>Categor\u00edas Obsidian\u00ae Fusionado con Metal Cuatro veces m\u00e1s fuerte y dos veces m\u00e1s resistente al astillamiento que la porcelana Ceramco\u00ae3 Ideal para coronas y puentes en cualquier parte de la arcada, y restauraciones en la zona est\u00e9tica Crea m\u00e1rgenes m\u00e1s finos, proporciona una est\u00e9tica excepcional y una resistencia superior M\u00c1S INFORMACI\u00d3N<\/p>","protected":false},"author":53,"featured_media":0,"parent":4355,"menu_order":2,"comment_status":"closed","ping_status":"closed","template":"elementor_header_footer","meta":{"footnotes":""},"class_list":["post-5027","page","type-page","status-publish"],"yoast_head":"<!-- This site is optimized with the Yoast SEO plugin v25.3.1 - https:\/\/yoast.com\/wordpress\/plugins\/seo\/ -->\n<title>PFM - Glidewell Dental Colombia<\/title>\n<meta name=\"robots\" content=\"index, follow, max-snippet:-1, max-image-preview:large, max-video-preview:-1\" \/>\n<link rel=\"canonical\" href=\"https:\/\/co.glidewelldental.com\/en\/solutions\/crown-and-bridge\/pfm\/\" \/>\n<meta property=\"og:locale\" content=\"en_US\" \/>\n<meta property=\"og:type\" content=\"article\" \/>\n<meta property=\"og:title\" content=\"PFM - Glidewell Dental Colombia\" \/>\n<meta property=\"og:description\" content=\"Categor\u00edas Obsidian\u00ae Fusionado con Metal Cuatro veces m\u00e1s fuerte y dos veces m\u00e1s resistente al astillamiento que la porcelana Ceramco\u00ae3 Ideal para coronas y puentes en cualquier parte de la arcada, y restauraciones en la zona est\u00e9tica Crea m\u00e1rgenes m\u00e1s finos, proporciona una est\u00e9tica excepcional y una resistencia superior M\u00c1S INFORMACI\u00d3N\" \/>\n<meta property=\"og:url\" content=\"https:\/\/co.glidewelldental.com\/en\/solutions\/crown-and-bridge\/pfm\/\" \/>\n<meta property=\"og:site_name\" content=\"Glidewell Dental Colombia\" \/>\n<meta property=\"article:modified_time\" content=\"2024-02-27T18:15:43+00:00\" \/>\n<meta property=\"og:image\" content=\"http:\/\/co.glidewelldental.com\/wp-content\/uploads\/sites\/9\/2021\/10\/obsidian-fused-to-metal.png\" \/>\n<meta name=\"twitter:card\" content=\"summary_large_image\" \/>\n<meta name=\"twitter:label1\" content=\"Est. reading time\" \/>\n\t<meta name=\"twitter:data1\" content=\"1 minute\" \/>\n<script type=\"application\/ld+json\" class=\"yoast-schema-graph\">{\"@context\":\"https:\/\/schema.org\",\"@graph\":[{\"@type\":\"WebPage\",\"@id\":\"https:\/\/co.glidewelldental.com\/en\/solutions\/crown-and-bridge\/pfm\/\",\"url\":\"https:\/\/co.glidewelldental.com\/en\/solutions\/crown-and-bridge\/pfm\/\",\"name\":\"PFM - Glidewell Dental Colombia\",\"isPartOf\":{\"@id\":\"https:\/\/co.glidewelldental.com\/#website\"},\"primaryImageOfPage\":{\"@id\":\"https:\/\/co.glidewelldental.com\/en\/solutions\/crown-and-bridge\/pfm\/#primaryimage\"},\"image\":{\"@id\":\"https:\/\/co.glidewelldental.com\/en\/solutions\/crown-and-bridge\/pfm\/#primaryimage\"},\"thumbnailUrl\":\"http:\/\/co.glidewelldental.com\/wp-content\/uploads\/sites\/9\/2021\/10\/obsidian-fused-to-metal.png\",\"datePublished\":\"2021-12-08T19:32:13+00:00\",\"dateModified\":\"2024-02-27T18:15:43+00:00\",\"breadcrumb\":{\"@id\":\"https:\/\/co.glidewelldental.com\/en\/solutions\/crown-and-bridge\/pfm\/#breadcrumb\"},\"inLanguage\":\"en-US\",\"potentialAction\":[{\"@type\":\"ReadAction\",\"target\":[\"https:\/\/co.glidewelldental.com\/en\/solutions\/crown-and-bridge\/pfm\/\"]}]},{\"@type\":\"ImageObject\",\"inLanguage\":\"en-US\",\"@id\":\"https:\/\/co.glidewelldental.com\/en\/solutions\/crown-and-bridge\/pfm\/#primaryimage\",\"url\":\"http:\/\/co.glidewelldental.com\/wp-content\/uploads\/sites\/9\/2021\/10\/obsidian-fused-to-metal.png\",\"contentUrl\":\"http:\/\/co.glidewelldental.com\/wp-content\/uploads\/sites\/9\/2021\/10\/obsidian-fused-to-metal.png\"},{\"@type\":\"BreadcrumbList\",\"@id\":\"https:\/\/co.glidewelldental.com\/en\/solutions\/crown-and-bridge\/pfm\/#breadcrumb\",\"itemListElement\":[{\"@type\":\"ListItem\",\"position\":1,\"name\":\"Inicio\",\"item\":\"https:\/\/co.glidewelldental.com\/\"},{\"@type\":\"ListItem\",\"position\":2,\"name\":\"Soluciones\",\"item\":\"https:\/\/co.glidewelldental.com\/soluciones\/\"},{\"@type\":\"ListItem\",\"position\":3,\"name\":\"Coronas y Puentes\",\"item\":\"https:\/\/co.glidewelldental.com\/soluciones\/coronas-y-puentes\/\"},{\"@type\":\"ListItem\",\"position\":4,\"name\":\"PFM\"}]},{\"@type\":\"WebSite\",\"@id\":\"https:\/\/co.glidewelldental.com\/#website\",\"url\":\"https:\/\/co.glidewelldental.com\/\",\"name\":\"Glidewell Dental Colombia\",\"description\":\"Just another Glidewell Dental Labs Sites site\",\"publisher\":{\"@id\":\"https:\/\/co.glidewelldental.com\/#organization\"},\"potentialAction\":[{\"@type\":\"SearchAction\",\"target\":{\"@type\":\"EntryPoint\",\"urlTemplate\":\"https:\/\/co.glidewelldental.com\/?s={search_term_string}\"},\"query-input\":{\"@type\":\"PropertyValueSpecification\",\"valueRequired\":true,\"valueName\":\"search_term_string\"}}],\"inLanguage\":\"en-US\"},{\"@type\":\"Organization\",\"@id\":\"https:\/\/co.glidewelldental.com\/#organization\",\"name\":\"Glidewell Dental Colombia\",\"url\":\"https:\/\/co.glidewelldental.com\/\",\"logo\":{\"@type\":\"ImageObject\",\"inLanguage\":\"en-US\",\"@id\":\"https:\/\/co.glidewelldental.com\/#\/schema\/logo\/image\/\",\"url\":\"https:\/\/co.glidewelldental.com\/wp-content\/uploads\/sites\/9\/2022\/04\/logo-box.jpg\",\"contentUrl\":\"https:\/\/co.glidewelldental.com\/wp-content\/uploads\/sites\/9\/2022\/04\/logo-box.jpg\",\"width\":72,\"height\":72,\"caption\":\"Glidewell Dental Colombia\"},\"image\":{\"@id\":\"https:\/\/co.glidewelldental.com\/#\/schema\/logo\/image\/\"}}]}<\/script>\n<!-- \/ Yoast SEO plugin. -->","yoast_head_json":{"title":"PFM - Glidewell Dental Colombia","robots":{"index":"index","follow":"follow","max-snippet":"max-snippet:-1","max-image-preview":"max-image-preview:large","max-video-preview":"max-video-preview:-1"},"canonical":"https:\/\/co.glidewelldental.com\/en\/solutions\/crown-and-bridge\/pfm\/","og_locale":"en_US","og_type":"article","og_title":"PFM - Glidewell Dental Colombia","og_description":"Categor\u00edas Obsidian\u00ae Fusionado con Metal Cuatro veces m\u00e1s fuerte y dos veces m\u00e1s resistente al astillamiento que la porcelana Ceramco\u00ae3 Ideal para coronas y puentes en cualquier parte de la arcada, y restauraciones en la zona est\u00e9tica Crea m\u00e1rgenes m\u00e1s finos, proporciona una est\u00e9tica excepcional y una resistencia superior M\u00c1S INFORMACI\u00d3N","og_url":"https:\/\/co.glidewelldental.com\/en\/solutions\/crown-and-bridge\/pfm\/","og_site_name":"Glidewell Dental Colombia","article_modified_time":"2024-02-27T18:15:43+00:00","og_image":[{"url":"http:\/\/co.glidewelldental.com\/wp-content\/uploads\/sites\/9\/2021\/10\/obsidian-fused-to-metal.png","type":"","width":"","height":""}],"twitter_card":"summary_large_image","twitter_misc":{"Est. reading time":"1 minute"},"schema":{"@context":"https:\/\/schema.org","@graph":[{"@type":"WebPage","@id":"https:\/\/co.glidewelldental.com\/en\/solutions\/crown-and-bridge\/pfm\/","url":"https:\/\/co.glidewelldental.com\/en\/solutions\/crown-and-bridge\/pfm\/","name":"PFM - Glidewell Dental Colombia","isPartOf":{"@id":"https:\/\/co.glidewelldental.com\/#website"},"primaryImageOfPage":{"@id":"https:\/\/co.glidewelldental.com\/en\/solutions\/crown-and-bridge\/pfm\/#primaryimage"},"image":{"@id":"https:\/\/co.glidewelldental.com\/en\/solutions\/crown-and-bridge\/pfm\/#primaryimage"},"thumbnailUrl":"http:\/\/co.glidewelldental.com\/wp-content\/uploads\/sites\/9\/2021\/10\/obsidian-fused-to-metal.png","datePublished":"2021-12-08T19:32:13+00:00","dateModified":"2024-02-27T18:15:43+00:00","breadcrumb":{"@id":"https:\/\/co.glidewelldental.com\/en\/solutions\/crown-and-bridge\/pfm\/#breadcrumb"},"inLanguage":"en-US","potentialAction":[{"@type":"ReadAction","target":["https:\/\/co.glidewelldental.com\/en\/solutions\/crown-and-bridge\/pfm\/"]}]},{"@type":"ImageObject","inLanguage":"en-US","@id":"https:\/\/co.glidewelldental.com\/en\/solutions\/crown-and-bridge\/pfm\/#primaryimage","url":"http:\/\/co.glidewelldental.com\/wp-content\/uploads\/sites\/9\/2021\/10\/obsidian-fused-to-metal.png","contentUrl":"http:\/\/co.glidewelldental.com\/wp-content\/uploads\/sites\/9\/2021\/10\/obsidian-fused-to-metal.png"},{"@type":"BreadcrumbList","@id":"https:\/\/co.glidewelldental.com\/en\/solutions\/crown-and-bridge\/pfm\/#breadcrumb","itemListElement":[{"@type":"ListItem","position":1,"name":"Inicio","item":"https:\/\/co.glidewelldental.com\/"},{"@type":"ListItem","position":2,"name":"Soluciones","item":"https:\/\/co.glidewelldental.com\/soluciones\/"},{"@type":"ListItem","position":3,"name":"Coronas y Puentes","item":"https:\/\/co.glidewelldental.com\/soluciones\/coronas-y-puentes\/"},{"@type":"ListItem","position":4,"name":"PFM"}]},{"@type":"WebSite","@id":"https:\/\/co.glidewelldental.com\/#website","url":"https:\/\/co.glidewelldental.com\/","name":"Glidewell Dental Colombia","description":"Just another Glidewell Dental Labs Sites site","publisher":{"@id":"https:\/\/co.glidewelldental.com\/#organization"},"potentialAction":[{"@type":"SearchAction","target":{"@type":"EntryPoint","urlTemplate":"https:\/\/co.glidewelldental.com\/?s={search_term_string}"},"query-input":{"@type":"PropertyValueSpecification","valueRequired":true,"valueName":"search_term_string"}}],"inLanguage":"en-US"},{"@type":"Organization","@id":"https:\/\/co.glidewelldental.com\/#organization","name":"Glidewell Dental Colombia","url":"https:\/\/co.glidewelldental.com\/","logo":{"@type":"ImageObject","inLanguage":"en-US","@id":"https:\/\/co.glidewelldental.com\/#\/schema\/logo\/image\/","url":"https:\/\/co.glidewelldental.com\/wp-content\/uploads\/sites\/9\/2022\/04\/logo-box.jpg","contentUrl":"https:\/\/co.glidewelldental.com\/wp-content\/uploads\/sites\/9\/2022\/04\/logo-box.jpg","width":72,"height":72,"caption":"Glidewell Dental Colombia"},"image":{"@id":"https:\/\/co.glidewelldental.com\/#\/schema\/logo\/image\/"}}]}},"_links":{"self":[{"href":"https:\/\/co.glidewelldental.com\/en\/wp-json\/wp\/v2\/pages\/5027","targetHints":{"allow":["GET"]}}],"collection":[{"href":"https:\/\/co.glidewelldental.com\/en\/wp-json\/wp\/v2\/pages"}],"about":[{"href":"https:\/\/co.glidewelldental.com\/en\/wp-json\/wp\/v2\/types\/page"}],"author":[{"embeddable":true,"href":"https:\/\/co.glidewelldental.com\/en\/wp-json\/wp\/v2\/users\/53"}],"replies":[{"embeddable":true,"href":"https:\/\/co.glidewelldental.com\/en\/wp-json\/wp\/v2\/comments?post=5027"}],"version-history":[{"count":0,"href":"https:\/\/co.glidewelldental.com\/en\/wp-json\/wp\/v2\/pages\/5027\/revisions"}],"up":[{"embeddable":true,"href":"https:\/\/co.glidewelldental.com\/en\/wp-json\/wp\/v2\/pages\/4355"}],"wp:attachment":[{"href":"https:\/\/co.glidewelldental.com\/en\/wp-json\/wp\/v2\/media?parent=5027"}],"curies":[{"name":"wp","href":"https:\/\/api.w.org\/{rel}","templated":true}]}}