{"id":5082,"date":"2021-12-08T23:47:15","date_gmt":"2021-12-08T23:47:15","guid":{"rendered":"http:\/\/co.glidewellstg.wpengine.com\/?page_id=5082"},"modified":"2024-03-19T21:34:14","modified_gmt":"2024-03-19T21:34:14","slug":"protectores-bucales-deportivos","status":"publish","type":"page","link":"https:\/\/co.glidewelldental.com\/en\/solutions\/occlusal-appliances\/sports-mouthguards\/","title":{"rendered":"Sports Mouthguards"},"content":{"rendered":"<div data-elementor-type=\"wp-page\" data-elementor-id=\"5082\" class=\"elementor elementor-5082\" data-elementor-post-type=\"page\">\n\t\t\t\t\t\t<section class=\"elementor-section elementor-top-section elementor-element elementor-element-3a26dc3 elementor-section-height-min-height elementor-section-boxed elementor-section-height-default elementor-section-items-middle\" data-id=\"3a26dc3\" data-element_type=\"section\" data-settings=\"{&quot;background_background&quot;:&quot;classic&quot;}\">\n\t\t\t\t\t\t<div class=\"elementor-container elementor-column-gap-no\">\n\t\t\t\t\t<div class=\"elementor-column elementor-col-100 elementor-top-column elementor-element elementor-element-431c47f\" data-id=\"431c47f\" data-element_type=\"column\">\n\t\t\t<div class=\"elementor-widget-wrap elementor-element-populated\">\n\t\t\t\t\t\t<div class=\"elementor-element elementor-element-a492c1b elementor-widget elementor-widget-template\" data-id=\"a492c1b\" data-element_type=\"widget\" data-widget_type=\"template.default\">\n\t\t\t\t<div class=\"elementor-widget-container\">\n\t\t\t\t\t\t\t<div class=\"elementor-template\">\n\t\t\t\t\t<div data-elementor-type=\"section\" data-elementor-id=\"4702\" class=\"elementor elementor-4702\" data-elementor-post-type=\"elementor_library\">\n\t\t\t\t\t<section class=\"elementor-section elementor-top-section elementor-element elementor-element-19b9e951 elementor-section-height-min-height elementor-section-stretched elementor-section-boxed elementor-section-height-default elementor-section-items-middle\" data-id=\"19b9e951\" data-element_type=\"section\" data-settings=\"{&quot;background_background&quot;:&quot;classic&quot;,&quot;stretch_section&quot;:&quot;section-stretched&quot;}\">\n\t\t\t\t\t\t<div class=\"elementor-container elementor-column-gap-no\">\n\t\t\t\t\t<div class=\"elementor-column elementor-col-100 elementor-top-column elementor-element elementor-element-7fb50d6c\" data-id=\"7fb50d6c\" data-element_type=\"column\">\n\t\t\t<div class=\"elementor-widget-wrap elementor-element-populated\">\n\t\t\t\t\t\t<div class=\"elementor-element elementor-element-448bcae9 elementor-align-left elementor-widget elementor-widget-breadcrumbs\" data-id=\"448bcae9\" data-element_type=\"widget\" data-widget_type=\"breadcrumbs.default\">\n\t\t\t\t<div class=\"elementor-widget-container\">\n\t\t\t\t\t<p id=\"breadcrumbs\"><span><span><a href=\"https:\/\/co.glidewelldental.com\/en\/\">Home<\/a><\/span><\/span><\/p>\t\t\t\t<\/div>\n\t\t\t\t<\/div>\n\t\t\t\t\t<\/div>\n\t\t<\/div>\n\t\t\t\t\t<\/div>\n\t\t<\/section>\n\t\t\t\t<\/div>\n\t\t\t\t<\/div>\n\t\t\t\t\t\t<\/div>\n\t\t\t\t<\/div>\n\t\t\t\t\t<\/div>\n\t\t<\/div>\n\t\t\t\t\t<\/div>\n\t\t<\/section>\n\t\t\t\t<section class=\"elementor-section elementor-top-section elementor-element elementor-element-75095c2 elementor-section-height-min-height elementor-section-boxed elementor-section-height-default elementor-section-items-middle\" data-id=\"75095c2\" data-element_type=\"section\" data-settings=\"{&quot;background_background&quot;:&quot;classic&quot;}\">\n\t\t\t\t\t\t\t<div class=\"elementor-background-overlay\"><\/div>\n\t\t\t\t\t\t\t<div class=\"elementor-container elementor-column-gap-no\">\n\t\t\t\t\t<div class=\"elementor-column elementor-col-100 elementor-top-column elementor-element elementor-element-30e4552\" data-id=\"30e4552\" data-element_type=\"column\">\n\t\t\t<div class=\"elementor-widget-wrap elementor-element-populated\">\n\t\t\t\t\t\t<div class=\"elementor-element elementor-element-ba9fadf elementor-position-left elementor-view-stacked elementor-vertical-align-middle elementor-shape-square elementor-mobile-position-top elementor-widget elementor-widget-icon-box\" data-id=\"ba9fadf\" data-element_type=\"widget\" data-widget_type=\"icon-box.default\">\n\t\t\t\t<div class=\"elementor-widget-container\">\n\t\t\t\t\t\t\t<div class=\"elementor-icon-box-wrapper\">\n\n\t\t\t\t\t\t<div class=\"elementor-icon-box-icon\">\n\t\t\t\t<span  class=\"elementor-icon\">\n\t\t\t\t<svg xmlns=\"http:\/\/www.w3.org\/2000\/svg\" viewbox=\"0 0 143.12 143.12\"><defs><style>.cls-1,.cls-2{fill:none;stroke:#fff;stroke-width:1.5px;}.cls-1{stroke-linecap:round;stroke-linejoin:round;}.cls-2{stroke-miterlimit:10;}<\/style><\/defs><g id=\"Layer_1\" data-name=\"Layer 1\"><path class=\"cls-1\" d=\"M75.37,81.34a4.39,4.39,0,0,1-6-.11,16.09,16.09,0,0,0-3.84-2.64c-3.43-1.72-7.25-2.83-10.2-5.31-3.74-3.07-5.52-8-6.54-12.79s-1.53-9.72-3.23-14.28-5.21-8.81-10-9.89c-6.15-1.4-12.58,3.33-15,9.23s-1.66,12.61-.31,18.84c2.78,12.66,8.12,25,17,34.45a48.5,48.5,0,0,0,35.05,15.8,48.7,48.7,0,0,0,35.54-15.8c8.83-9.49,14.2-21.79,17-34.51,1.34-6.15,2.06-12.92-.32-18.84s-8.74-10.63-14.95-9.23c-4.77,1.08-8.23,5.34-10,9.89s-2.18,9.51-3.21,14.27-2.8,9.66-6.55,12.8c-2.94,2.48-6.69,3.58-10.19,5.37a17.64,17.64,0,0,0-4.19,2.75Z\" transform=\"translate(-0.85 -0.44)\"><\/path><path class=\"cls-1\" d=\"M99.51,46.15a4.7,4.7,0,0,1,2.79.38,4.75,4.75,0,0,1,2.09,1.9c3.27,5.43,5,41.2-20.37,51.86\" transform=\"translate(-0.85 -0.44)\"><\/path><path class=\"cls-1\" d=\"M89.36,73.53A6.28,6.28,0,0,1,91,76.74a6.39,6.39,0,0,1-.41,3.56c-2.25,7.13-13.35,11.75-6.53,20\" transform=\"translate(-0.85 -0.44)\"><\/path><path class=\"cls-1\" d=\"M45.34,46.15a4.73,4.73,0,0,0-4.87,2.28c-3.22,5.43-5.09,41.2,20.38,51.86\" transform=\"translate(-0.85 -0.44)\"><\/path><path class=\"cls-1\" d=\"M55.49,73.53a6.32,6.32,0,0,0-1.16,6.77c2.24,7.13,13.33,11.75,6.52,20\" transform=\"translate(-0.85 -0.44)\"><\/path><path class=\"cls-1\" d=\"M62.77,93.31A12.87,12.87,0,0,1,67.1,90a13,13,0,0,1,5.32-1.2,12.76,12.76,0,0,1,5.34,1.11,12.94,12.94,0,0,1,4.39,3.23\" transform=\"translate(-0.85 -0.44)\"><\/path><path class=\"cls-2\" d=\"M72.41,142.81A70.81,70.81,0,1,0,1.6,72,70.81,70.81,0,0,0,72.41,142.81Z\" transform=\"translate(-0.85 -0.44)\"><\/path><\/g><\/svg>\t\t\t\t<\/span>\n\t\t\t<\/div>\n\t\t\t\n\t\t\t\t\t\t<div class=\"elementor-icon-box-content\">\n\n\t\t\t\t\t\t\t\t\t<h3 class=\"elementor-icon-box-title\">\n\t\t\t\t\t\t<span  >\n\t\t\t\t\t\t\tSports Mouthguards\t\t\t\t\t\t<\/span>\n\t\t\t\t\t<\/h3>\n\t\t\t\t\n\t\t\t\t\n\t\t\t<\/div>\n\t\t\t\n\t\t<\/div>\n\t\t\t\t\t\t<\/div>\n\t\t\t\t<\/div>\n\t\t\t\t\t<\/div>\n\t\t<\/div>\n\t\t\t\t\t<\/div>\n\t\t<\/section>\n\t\t\t\t<section class=\"elementor-section elementor-top-section elementor-element elementor-element-015e9ea elementor-section-boxed elementor-section-height-default elementor-section-height-default\" data-id=\"015e9ea\" data-element_type=\"section\">\n\t\t\t\t\t\t<div class=\"elementor-container elementor-column-gap-no\">\n\t\t\t\t\t<div class=\"elementor-column elementor-col-25 elementor-top-column elementor-element elementor-element-4569fd2\" data-id=\"4569fd2\" data-element_type=\"column\">\n\t\t\t<div class=\"elementor-widget-wrap elementor-element-populated\">\n\t\t\t\t\t\t<div class=\"elementor-element elementor-element-7efc673 elementor-widget elementor-widget-heading\" data-id=\"7efc673\" data-element_type=\"widget\" data-widget_type=\"heading.default\">\n\t\t\t\t<div class=\"elementor-widget-container\">\n\t\t\t\t\t<h2 class=\"elementor-heading-title elementor-size-default\">Categories<\/h2>\t\t\t\t<\/div>\n\t\t\t\t<\/div>\n\t\t\t\t<div class=\"elementor-element elementor-element-4962359 elementor-nav-menu__align-start elementor-nav-menu--dropdown-none elementor-widget elementor-widget-global elementor-global-5214 elementor-widget-nav-menu\" data-id=\"4962359\" data-element_type=\"widget\" id=\"gl-category\" data-settings=\"{&quot;layout&quot;:&quot;vertical&quot;,&quot;submenu_icon&quot;:{&quot;value&quot;:&quot;&quot;,&quot;library&quot;:&quot;&quot;}}\" data-widget_type=\"nav-menu.default\">\n\t\t\t\t<div class=\"elementor-widget-container\">\n\t\t\t\t\t\t\t\t<nav aria-label=\"Menu\" class=\"elementor-nav-menu--main elementor-nav-menu__container elementor-nav-menu--layout-vertical e--pointer-none\">\n\t\t\t\t<ul id=\"menu-1-4962359\" class=\"elementor-nav-menu sm-vertical\"><li class=\"menu-item menu-item-type-post_type menu-item-object-page menu-item-5040\"><a href=\"https:\/\/co.glidewelldental.com\/en\/solutions\/occlusal-appliances\/\" class=\"elementor-item\">View All<\/a><\/li>\n<li class=\"menu-item menu-item-type-post_type menu-item-object-page menu-item-5045\"><a href=\"https:\/\/co.glidewelldental.com\/en\/solutions\/occlusal-appliances\/bite-splints\/\" class=\"elementor-item\">Bite Splint<\/a><\/li>\n<li class=\"menu-item menu-item-type-post_type menu-item-object-page menu-item-5770\"><a href=\"https:\/\/co.glidewelldental.com\/en\/solutions\/occlusal-appliances\/retainers\/\" class=\"elementor-item\">Clear Ortho Retainers<\/a><\/li>\n<li class=\"menu-item menu-item-type-post_type menu-item-object-page menu-item-5083\"><a href=\"https:\/\/co.glidewelldental.com\/en\/solutions\/occlusal-appliances\/sports-mouthguards\/\" class=\"elementor-item\">Sports Mouthguards<\/a><\/li>\n<\/ul>\t\t\t<\/nav>\n\t\t\t\t\t\t<nav class=\"elementor-nav-menu--dropdown elementor-nav-menu__container\" aria-hidden=\"true\">\n\t\t\t\t<ul id=\"menu-2-4962359\" class=\"elementor-nav-menu sm-vertical\"><li class=\"menu-item menu-item-type-post_type menu-item-object-page menu-item-5040\"><a href=\"https:\/\/co.glidewelldental.com\/en\/solutions\/occlusal-appliances\/\" class=\"elementor-item\" tabindex=\"-1\">View All<\/a><\/li>\n<li class=\"menu-item menu-item-type-post_type menu-item-object-page menu-item-5045\"><a href=\"https:\/\/co.glidewelldental.com\/en\/solutions\/occlusal-appliances\/bite-splints\/\" class=\"elementor-item\" tabindex=\"-1\">Bite Splint<\/a><\/li>\n<li class=\"menu-item menu-item-type-post_type menu-item-object-page menu-item-5770\"><a href=\"https:\/\/co.glidewelldental.com\/en\/solutions\/occlusal-appliances\/retainers\/\" class=\"elementor-item\" tabindex=\"-1\">Clear Ortho Retainers<\/a><\/li>\n<li class=\"menu-item menu-item-type-post_type menu-item-object-page menu-item-5083\"><a href=\"https:\/\/co.glidewelldental.com\/en\/solutions\/occlusal-appliances\/sports-mouthguards\/\" class=\"elementor-item\" tabindex=\"-1\">Sports Mouthguards<\/a><\/li>\n<\/ul>\t\t\t<\/nav>\n\t\t\t\t\t\t<\/div>\n\t\t\t\t<\/div>\n\t\t\t\t\t<\/div>\n\t\t<\/div>\n\t\t\t\t<div class=\"elementor-column elementor-col-25 elementor-top-column elementor-element elementor-element-8bf888b\" data-id=\"8bf888b\" data-element_type=\"column\" data-settings=\"{&quot;background_background&quot;:&quot;classic&quot;}\">\n\t\t\t<div class=\"elementor-widget-wrap elementor-element-populated\">\n\t\t\t\t\t\t<div class=\"elementor-element elementor-element-771efaf elementor-widget elementor-widget-global elementor-global-5758 elementor-widget-image\" data-id=\"771efaf\" data-element_type=\"widget\" data-widget_type=\"image.default\">\n\t\t\t\t<div class=\"elementor-widget-container\">\n\t\t\t\t\t\t\t\t\t\t\t\t\t\t\t\t<a href=\"https:\/\/co.glidewelldental.com\/en\/solutions\/occlusal-appliances\/sports-mouthguards\/playsafe-sports-mouthguards\/\">\n\t\t\t\t\t\t\t<img fetchpriority=\"high\" decoding=\"async\" width=\"576\" height=\"324\" src=\"https:\/\/co.glidewelldental.com\/wp-content\/uploads\/sites\/9\/2022\/01\/PlaySafe-Sports-Mouthguard.png\" class=\"attachment-large size-large wp-image-5757\" alt=\"PlaySafe Sports Mouthguard\" srcset=\"https:\/\/co.glidewelldental.com\/wp-content\/uploads\/sites\/9\/2022\/01\/PlaySafe-Sports-Mouthguard.png 576w, https:\/\/co.glidewelldental.com\/wp-content\/uploads\/sites\/9\/2022\/01\/PlaySafe-Sports-Mouthguard-300x169.png 300w, https:\/\/co.glidewelldental.com\/wp-content\/uploads\/sites\/9\/2022\/01\/PlaySafe-Sports-Mouthguard-18x10.png 18w\" sizes=\"(max-width: 576px) 100vw, 576px\" \/>\t\t\t\t\t\t\t\t<\/a>\n\t\t\t\t\t\t\t\t\t\t\t\t\t\t\t<\/div>\n\t\t\t\t<\/div>\n\t\t\t\t<div class=\"elementor-element elementor-element-39e8ab8 elementor-widget elementor-widget-global elementor-global-5759 elementor-widget-heading\" data-id=\"39e8ab8\" data-element_type=\"widget\" data-widget_type=\"heading.default\">\n\t\t\t\t<div class=\"elementor-widget-container\">\n\t\t\t\t\t<h2 class=\"elementor-heading-title elementor-size-default translation-block\">PlaySafe<sup>\u00ae<\/sup> Sports Mouthguards<\/h2>\t\t\t\t<\/div>\n\t\t\t\t<\/div>\n\t\t\t\t<div class=\"elementor-element elementor-element-e0d9b75 elementor-widget elementor-widget-global elementor-global-5761 elementor-widget-text-editor\" data-id=\"e0d9b75\" data-element_type=\"widget\" data-widget_type=\"text-editor.default\">\n\t\t\t\t<div class=\"elementor-widget-container\">\n\t\t\t\t\t\t\t\t\t<ul class=\"red-bull\" style=\"margin-left: 1rem;\">\n \t<li>Thermoformed, multilayered professional-grade sports mouthguards<\/li>\n \t<li>Custom fit ensures protection, comfort and retention<\/li>\n \t<li>Available in 6 levels of protection<\/li>\n<li>Customized logos and designs are available<\/li>\n<\/ul>\t\t\t\t\t\t\t\t<\/div>\n\t\t\t\t<\/div>\n\t\t\t\t<div class=\"elementor-element elementor-element-c44548a elementor-align-center elementor-widget elementor-widget-button\" data-id=\"c44548a\" data-element_type=\"widget\" data-widget_type=\"button.default\">\n\t\t\t\t<div class=\"elementor-widget-container\">\n\t\t\t\t\t\t\t\t\t<div class=\"elementor-button-wrapper\">\n\t\t\t\t\t<a class=\"elementor-button elementor-button-link elementor-size-sm\" href=\"https:\/\/co.glidewelldental.com\/en\/solutions\/occlusal-appliances\/sports-mouthguards\/playsafe-sports-mouthguards\/\">\n\t\t\t\t\t\t<span class=\"elementor-button-content-wrapper\">\n\t\t\t\t\t\t\t\t\t<span class=\"elementor-button-text\">LEARN MORE<\/span>\n\t\t\t\t\t<\/span>\n\t\t\t\t\t<\/a>\n\t\t\t\t<\/div>\n\t\t\t\t\t\t\t\t<\/div>\n\t\t\t\t<\/div>\n\t\t\t\t\t<\/div>\n\t\t<\/div>\n\t\t\t\t<div class=\"elementor-column elementor-col-25 elementor-top-column elementor-element elementor-element-c9702fc\" data-id=\"c9702fc\" data-element_type=\"column\" data-settings=\"{&quot;background_background&quot;:&quot;classic&quot;}\">\n\t\t\t<div class=\"elementor-widget-wrap\">\n\t\t\t\t\t\t\t<\/div>\n\t\t<\/div>\n\t\t\t\t<div class=\"elementor-column elementor-col-25 elementor-top-column elementor-element elementor-element-bc323c5\" data-id=\"bc323c5\" data-element_type=\"column\" data-settings=\"{&quot;background_background&quot;:&quot;classic&quot;}\">\n\t\t\t<div class=\"elementor-widget-wrap\">\n\t\t\t\t\t\t\t<\/div>\n\t\t<\/div>\n\t\t\t\t\t<\/div>\n\t\t<\/section>\n\t\t\t\t<\/div>","protected":false},"excerpt":{"rendered":"<p>Protectores Bucales Deportivos Categor\u00edas PlaySafe\u00ae Protectores Bucales Deportivos Protectores bucales deportivos termoformados, con m\u00faltiples capas y protecci\u00f3n a nivel profesional El ajuste personalizado garantiza protecci\u00f3n, comodidad y retenci\u00f3n Disponible en 6 niveles de protecci\u00f3n Logos y dise\u00f1os personalizados disponibles M\u00c1S INFORMACI\u00d3N<\/p>","protected":false},"author":53,"featured_media":0,"parent":4946,"menu_order":3,"comment_status":"closed","ping_status":"closed","template":"elementor_header_footer","meta":{"footnotes":""},"class_list":["post-5082","page","type-page","status-publish"],"yoast_head":"<!-- This site is optimized with the Yoast SEO plugin v25.3.1 - https:\/\/yoast.com\/wordpress\/plugins\/seo\/ -->\n<title>Protectores Bucales Deportivos - Glidewell Dental Colombia<\/title>\n<meta name=\"robots\" content=\"index, follow, max-snippet:-1, max-image-preview:large, max-video-preview:-1\" \/>\n<link rel=\"canonical\" href=\"https:\/\/co.glidewelldental.com\/en\/solutions\/occlusal-appliances\/sports-mouthguards\/\" \/>\n<meta property=\"og:locale\" content=\"en_US\" \/>\n<meta property=\"og:type\" content=\"article\" \/>\n<meta property=\"og:title\" content=\"Protectores Bucales Deportivos - Glidewell Dental Colombia\" \/>\n<meta property=\"og:description\" content=\"Protectores Bucales Deportivos Categor\u00edas PlaySafe\u00ae Protectores Bucales Deportivos Protectores bucales deportivos termoformados, con m\u00faltiples capas y protecci\u00f3n a nivel profesional El ajuste personalizado garantiza protecci\u00f3n, comodidad y retenci\u00f3n Disponible en 6 niveles de protecci\u00f3n Logos y dise\u00f1os personalizados disponibles M\u00c1S INFORMACI\u00d3N\" \/>\n<meta property=\"og:url\" content=\"https:\/\/co.glidewelldental.com\/en\/solutions\/occlusal-appliances\/sports-mouthguards\/\" \/>\n<meta property=\"og:site_name\" content=\"Glidewell Dental Colombia\" \/>\n<meta property=\"article:modified_time\" content=\"2024-03-19T21:34:14+00:00\" \/>\n<meta property=\"og:image\" content=\"http:\/\/co.glidewelldental.com\/wp-content\/uploads\/sites\/9\/2022\/01\/PlaySafe-Sports-Mouthguard.png\" \/>\n<meta name=\"twitter:card\" content=\"summary_large_image\" \/>\n<meta name=\"twitter:label1\" content=\"Est. reading time\" \/>\n\t<meta name=\"twitter:data1\" content=\"1 minute\" \/>\n<script type=\"application\/ld+json\" class=\"yoast-schema-graph\">{\"@context\":\"https:\/\/schema.org\",\"@graph\":[{\"@type\":\"WebPage\",\"@id\":\"https:\/\/co.glidewelldental.com\/en\/solutions\/occlusal-appliances\/sports-mouthguards\/\",\"url\":\"https:\/\/co.glidewelldental.com\/en\/solutions\/occlusal-appliances\/sports-mouthguards\/\",\"name\":\"Protectores Bucales Deportivos - Glidewell Dental Colombia\",\"isPartOf\":{\"@id\":\"https:\/\/co.glidewelldental.com\/#website\"},\"primaryImageOfPage\":{\"@id\":\"https:\/\/co.glidewelldental.com\/en\/solutions\/occlusal-appliances\/sports-mouthguards\/#primaryimage\"},\"image\":{\"@id\":\"https:\/\/co.glidewelldental.com\/en\/solutions\/occlusal-appliances\/sports-mouthguards\/#primaryimage\"},\"thumbnailUrl\":\"http:\/\/co.glidewelldental.com\/wp-content\/uploads\/sites\/9\/2022\/01\/PlaySafe-Sports-Mouthguard.png\",\"datePublished\":\"2021-12-08T23:47:15+00:00\",\"dateModified\":\"2024-03-19T21:34:14+00:00\",\"breadcrumb\":{\"@id\":\"https:\/\/co.glidewelldental.com\/en\/solutions\/occlusal-appliances\/sports-mouthguards\/#breadcrumb\"},\"inLanguage\":\"en-US\",\"potentialAction\":[{\"@type\":\"ReadAction\",\"target\":[\"https:\/\/co.glidewelldental.com\/en\/solutions\/occlusal-appliances\/sports-mouthguards\/\"]}]},{\"@type\":\"ImageObject\",\"inLanguage\":\"en-US\",\"@id\":\"https:\/\/co.glidewelldental.com\/en\/solutions\/occlusal-appliances\/sports-mouthguards\/#primaryimage\",\"url\":\"http:\/\/co.glidewelldental.com\/wp-content\/uploads\/sites\/9\/2022\/01\/PlaySafe-Sports-Mouthguard.png\",\"contentUrl\":\"http:\/\/co.glidewelldental.com\/wp-content\/uploads\/sites\/9\/2022\/01\/PlaySafe-Sports-Mouthguard.png\"},{\"@type\":\"BreadcrumbList\",\"@id\":\"https:\/\/co.glidewelldental.com\/en\/solutions\/occlusal-appliances\/sports-mouthguards\/#breadcrumb\",\"itemListElement\":[{\"@type\":\"ListItem\",\"position\":1,\"name\":\"Inicio\",\"item\":\"https:\/\/co.glidewelldental.com\/\"},{\"@type\":\"ListItem\",\"position\":2,\"name\":\"Soluciones\",\"item\":\"https:\/\/co.glidewelldental.com\/soluciones\/\"},{\"@type\":\"ListItem\",\"position\":3,\"name\":\"Dispositivos Oclusales\",\"item\":\"https:\/\/co.glidewelldental.com\/soluciones\/dispositivos-oclusales\/\"},{\"@type\":\"ListItem\",\"position\":4,\"name\":\"Protectores Bucales Deportivos\"}]},{\"@type\":\"WebSite\",\"@id\":\"https:\/\/co.glidewelldental.com\/#website\",\"url\":\"https:\/\/co.glidewelldental.com\/\",\"name\":\"Glidewell Dental Colombia\",\"description\":\"Just another Glidewell Dental Labs Sites site\",\"publisher\":{\"@id\":\"https:\/\/co.glidewelldental.com\/#organization\"},\"potentialAction\":[{\"@type\":\"SearchAction\",\"target\":{\"@type\":\"EntryPoint\",\"urlTemplate\":\"https:\/\/co.glidewelldental.com\/?s={search_term_string}\"},\"query-input\":{\"@type\":\"PropertyValueSpecification\",\"valueRequired\":true,\"valueName\":\"search_term_string\"}}],\"inLanguage\":\"en-US\"},{\"@type\":\"Organization\",\"@id\":\"https:\/\/co.glidewelldental.com\/#organization\",\"name\":\"Glidewell Dental Colombia\",\"url\":\"https:\/\/co.glidewelldental.com\/\",\"logo\":{\"@type\":\"ImageObject\",\"inLanguage\":\"en-US\",\"@id\":\"https:\/\/co.glidewelldental.com\/#\/schema\/logo\/image\/\",\"url\":\"https:\/\/co.glidewelldental.com\/wp-content\/uploads\/sites\/9\/2022\/04\/logo-box.jpg\",\"contentUrl\":\"https:\/\/co.glidewelldental.com\/wp-content\/uploads\/sites\/9\/2022\/04\/logo-box.jpg\",\"width\":72,\"height\":72,\"caption\":\"Glidewell Dental Colombia\"},\"image\":{\"@id\":\"https:\/\/co.glidewelldental.com\/#\/schema\/logo\/image\/\"}}]}<\/script>\n<!-- \/ Yoast SEO plugin. -->","yoast_head_json":{"title":"Protectores Bucales Deportivos - Glidewell Dental Colombia","robots":{"index":"index","follow":"follow","max-snippet":"max-snippet:-1","max-image-preview":"max-image-preview:large","max-video-preview":"max-video-preview:-1"},"canonical":"https:\/\/co.glidewelldental.com\/en\/solutions\/occlusal-appliances\/sports-mouthguards\/","og_locale":"en_US","og_type":"article","og_title":"Protectores Bucales Deportivos - Glidewell Dental Colombia","og_description":"Protectores Bucales Deportivos Categor\u00edas PlaySafe\u00ae Protectores Bucales Deportivos Protectores bucales deportivos termoformados, con m\u00faltiples capas y protecci\u00f3n a nivel profesional El ajuste personalizado garantiza protecci\u00f3n, comodidad y retenci\u00f3n Disponible en 6 niveles de protecci\u00f3n Logos y dise\u00f1os personalizados disponibles M\u00c1S INFORMACI\u00d3N","og_url":"https:\/\/co.glidewelldental.com\/en\/solutions\/occlusal-appliances\/sports-mouthguards\/","og_site_name":"Glidewell Dental Colombia","article_modified_time":"2024-03-19T21:34:14+00:00","og_image":[{"url":"http:\/\/co.glidewelldental.com\/wp-content\/uploads\/sites\/9\/2022\/01\/PlaySafe-Sports-Mouthguard.png","type":"","width":"","height":""}],"twitter_card":"summary_large_image","twitter_misc":{"Est. reading time":"1 minute"},"schema":{"@context":"https:\/\/schema.org","@graph":[{"@type":"WebPage","@id":"https:\/\/co.glidewelldental.com\/en\/solutions\/occlusal-appliances\/sports-mouthguards\/","url":"https:\/\/co.glidewelldental.com\/en\/solutions\/occlusal-appliances\/sports-mouthguards\/","name":"Protectores Bucales Deportivos - Glidewell Dental Colombia","isPartOf":{"@id":"https:\/\/co.glidewelldental.com\/#website"},"primaryImageOfPage":{"@id":"https:\/\/co.glidewelldental.com\/en\/solutions\/occlusal-appliances\/sports-mouthguards\/#primaryimage"},"image":{"@id":"https:\/\/co.glidewelldental.com\/en\/solutions\/occlusal-appliances\/sports-mouthguards\/#primaryimage"},"thumbnailUrl":"http:\/\/co.glidewelldental.com\/wp-content\/uploads\/sites\/9\/2022\/01\/PlaySafe-Sports-Mouthguard.png","datePublished":"2021-12-08T23:47:15+00:00","dateModified":"2024-03-19T21:34:14+00:00","breadcrumb":{"@id":"https:\/\/co.glidewelldental.com\/en\/solutions\/occlusal-appliances\/sports-mouthguards\/#breadcrumb"},"inLanguage":"en-US","potentialAction":[{"@type":"ReadAction","target":["https:\/\/co.glidewelldental.com\/en\/solutions\/occlusal-appliances\/sports-mouthguards\/"]}]},{"@type":"ImageObject","inLanguage":"en-US","@id":"https:\/\/co.glidewelldental.com\/en\/solutions\/occlusal-appliances\/sports-mouthguards\/#primaryimage","url":"http:\/\/co.glidewelldental.com\/wp-content\/uploads\/sites\/9\/2022\/01\/PlaySafe-Sports-Mouthguard.png","contentUrl":"http:\/\/co.glidewelldental.com\/wp-content\/uploads\/sites\/9\/2022\/01\/PlaySafe-Sports-Mouthguard.png"},{"@type":"BreadcrumbList","@id":"https:\/\/co.glidewelldental.com\/en\/solutions\/occlusal-appliances\/sports-mouthguards\/#breadcrumb","itemListElement":[{"@type":"ListItem","position":1,"name":"Inicio","item":"https:\/\/co.glidewelldental.com\/"},{"@type":"ListItem","position":2,"name":"Soluciones","item":"https:\/\/co.glidewelldental.com\/soluciones\/"},{"@type":"ListItem","position":3,"name":"Dispositivos Oclusales","item":"https:\/\/co.glidewelldental.com\/soluciones\/dispositivos-oclusales\/"},{"@type":"ListItem","position":4,"name":"Protectores Bucales Deportivos"}]},{"@type":"WebSite","@id":"https:\/\/co.glidewelldental.com\/#website","url":"https:\/\/co.glidewelldental.com\/","name":"Glidewell Dental Colombia","description":"Just another Glidewell Dental Labs Sites site","publisher":{"@id":"https:\/\/co.glidewelldental.com\/#organization"},"potentialAction":[{"@type":"SearchAction","target":{"@type":"EntryPoint","urlTemplate":"https:\/\/co.glidewelldental.com\/?s={search_term_string}"},"query-input":{"@type":"PropertyValueSpecification","valueRequired":true,"valueName":"search_term_string"}}],"inLanguage":"en-US"},{"@type":"Organization","@id":"https:\/\/co.glidewelldental.com\/#organization","name":"Glidewell Dental Colombia","url":"https:\/\/co.glidewelldental.com\/","logo":{"@type":"ImageObject","inLanguage":"en-US","@id":"https:\/\/co.glidewelldental.com\/#\/schema\/logo\/image\/","url":"https:\/\/co.glidewelldental.com\/wp-content\/uploads\/sites\/9\/2022\/04\/logo-box.jpg","contentUrl":"https:\/\/co.glidewelldental.com\/wp-content\/uploads\/sites\/9\/2022\/04\/logo-box.jpg","width":72,"height":72,"caption":"Glidewell Dental Colombia"},"image":{"@id":"https:\/\/co.glidewelldental.com\/#\/schema\/logo\/image\/"}}]}},"_links":{"self":[{"href":"https:\/\/co.glidewelldental.com\/en\/wp-json\/wp\/v2\/pages\/5082","targetHints":{"allow":["GET"]}}],"collection":[{"href":"https:\/\/co.glidewelldental.com\/en\/wp-json\/wp\/v2\/pages"}],"about":[{"href":"https:\/\/co.glidewelldental.com\/en\/wp-json\/wp\/v2\/types\/page"}],"author":[{"embeddable":true,"href":"https:\/\/co.glidewelldental.com\/en\/wp-json\/wp\/v2\/users\/53"}],"replies":[{"embeddable":true,"href":"https:\/\/co.glidewelldental.com\/en\/wp-json\/wp\/v2\/comments?post=5082"}],"version-history":[{"count":0,"href":"https:\/\/co.glidewelldental.com\/en\/wp-json\/wp\/v2\/pages\/5082\/revisions"}],"up":[{"embeddable":true,"href":"https:\/\/co.glidewelldental.com\/en\/wp-json\/wp\/v2\/pages\/4946"}],"wp:attachment":[{"href":"https:\/\/co.glidewelldental.com\/en\/wp-json\/wp\/v2\/media?parent=5082"}],"curies":[{"name":"wp","href":"https:\/\/api.w.org\/{rel}","templated":true}]}}