{"id":5104,"date":"2021-12-09T00:08:52","date_gmt":"2021-12-09T00:08:52","guid":{"rendered":"http:\/\/co.glidewellstg.wpengine.com\/?page_id=5104"},"modified":"2024-02-27T18:21:27","modified_gmt":"2024-02-27T18:21:27","slug":"encerado-de-diagnostico","status":"publish","type":"page","link":"https:\/\/co.glidewelldental.com\/en\/solutions\/veneers-group\/diagnostic-wax-ups-group\/","title":{"rendered":"Diagnostic Wax-Ups"},"content":{"rendered":"<div data-elementor-type=\"wp-page\" data-elementor-id=\"5104\" class=\"elementor elementor-5104\" data-elementor-post-type=\"page\">\n\t\t\t\t\t\t<section class=\"elementor-section elementor-top-section elementor-element elementor-element-3a26dc3 elementor-section-height-min-height elementor-section-boxed elementor-section-height-default elementor-section-items-middle\" data-id=\"3a26dc3\" data-element_type=\"section\" data-settings=\"{&quot;background_background&quot;:&quot;classic&quot;}\">\n\t\t\t\t\t\t<div class=\"elementor-container elementor-column-gap-no\">\n\t\t\t\t\t<div class=\"elementor-column elementor-col-100 elementor-top-column elementor-element elementor-element-431c47f\" data-id=\"431c47f\" data-element_type=\"column\">\n\t\t\t<div class=\"elementor-widget-wrap elementor-element-populated\">\n\t\t\t\t\t\t<div class=\"elementor-element elementor-element-a492c1b elementor-widget elementor-widget-template\" data-id=\"a492c1b\" data-element_type=\"widget\" data-widget_type=\"template.default\">\n\t\t\t\t<div class=\"elementor-widget-container\">\n\t\t\t\t\t\t\t<div class=\"elementor-template\">\n\t\t\t\t\t<div data-elementor-type=\"section\" data-elementor-id=\"4702\" class=\"elementor elementor-4702\" data-elementor-post-type=\"elementor_library\">\n\t\t\t\t\t<section class=\"elementor-section elementor-top-section elementor-element elementor-element-19b9e951 elementor-section-height-min-height elementor-section-stretched elementor-section-boxed elementor-section-height-default elementor-section-items-middle\" data-id=\"19b9e951\" data-element_type=\"section\" data-settings=\"{&quot;background_background&quot;:&quot;classic&quot;,&quot;stretch_section&quot;:&quot;section-stretched&quot;}\">\n\t\t\t\t\t\t<div class=\"elementor-container elementor-column-gap-no\">\n\t\t\t\t\t<div class=\"elementor-column elementor-col-100 elementor-top-column elementor-element elementor-element-7fb50d6c\" data-id=\"7fb50d6c\" data-element_type=\"column\">\n\t\t\t<div class=\"elementor-widget-wrap elementor-element-populated\">\n\t\t\t\t\t\t<div class=\"elementor-element elementor-element-448bcae9 elementor-align-left elementor-widget elementor-widget-breadcrumbs\" data-id=\"448bcae9\" data-element_type=\"widget\" data-widget_type=\"breadcrumbs.default\">\n\t\t\t\t<div class=\"elementor-widget-container\">\n\t\t\t\t\t<p id=\"breadcrumbs\"><span><span><a href=\"https:\/\/co.glidewelldental.com\/en\/\">Home<\/a><\/span><\/span><\/p>\t\t\t\t<\/div>\n\t\t\t\t<\/div>\n\t\t\t\t\t<\/div>\n\t\t<\/div>\n\t\t\t\t\t<\/div>\n\t\t<\/section>\n\t\t\t\t<\/div>\n\t\t\t\t<\/div>\n\t\t\t\t\t\t<\/div>\n\t\t\t\t<\/div>\n\t\t\t\t\t<\/div>\n\t\t<\/div>\n\t\t\t\t\t<\/div>\n\t\t<\/section>\n\t\t\t\t<section class=\"elementor-section elementor-top-section elementor-element elementor-element-75095c2 elementor-section-height-min-height elementor-section-boxed elementor-section-height-default elementor-section-items-middle\" data-id=\"75095c2\" data-element_type=\"section\" data-settings=\"{&quot;background_background&quot;:&quot;classic&quot;}\">\n\t\t\t\t\t\t\t<div class=\"elementor-background-overlay\"><\/div>\n\t\t\t\t\t\t\t<div class=\"elementor-container elementor-column-gap-no\">\n\t\t\t\t\t<div class=\"elementor-column elementor-col-100 elementor-top-column elementor-element elementor-element-30e4552\" data-id=\"30e4552\" data-element_type=\"column\">\n\t\t\t<div class=\"elementor-widget-wrap elementor-element-populated\">\n\t\t\t\t\t\t<div class=\"elementor-element elementor-element-ba9fadf elementor-position-left elementor-view-stacked elementor-vertical-align-middle elementor-shape-square elementor-mobile-position-top elementor-widget elementor-widget-icon-box\" data-id=\"ba9fadf\" data-element_type=\"widget\" data-widget_type=\"icon-box.default\">\n\t\t\t\t<div class=\"elementor-widget-container\">\n\t\t\t\t\t\t\t<div class=\"elementor-icon-box-wrapper\">\n\n\t\t\t\t\t\t<div class=\"elementor-icon-box-icon\">\n\t\t\t\t<span  class=\"elementor-icon\">\n\t\t\t\t<svg xmlns=\"http:\/\/www.w3.org\/2000\/svg\" xmlns:xlink=\"http:\/\/www.w3.org\/1999\/xlink\" x=\"0px\" y=\"0px\" viewbox=\"0 0 144 144\" style=\"enable-background:new 0 0 144 144;\" xml:space=\"preserve\"><style type=\"text\/css\">\t.st0{display:none;}\t.st1{display:inline;fill:#DFF1F0;}\t.st2{fill:none;stroke:#FFFFFF;stroke-width:1.5;stroke-linecap:round;stroke-linejoin:round;}\t.st3{fill:none;stroke:#FFFFFF;stroke-width:1.5;stroke-miterlimit:10;}<\/style><g id=\"background_circle\" class=\"st0\">\t<path class=\"st1\" d=\"M71.64,120.64c27.06,0,49-21.94,49-49s-21.94-49-49-49s-49,21.94-49,49S44.58,120.64,71.64,120.64z\"><\/path><\/g><g id=\"Layer_1\">\t<g>\t\t<path class=\"st2\" d=\"M44.02,51.82v-3.26c-0.18-3.24-1.37-6.34-3.39-8.88c-0.91-1.37-2.11-2.51-3.52-3.34    c-1.41-0.83-3-1.33-4.63-1.46c-6.38,0-11.55,8.23-11.55,13.68v15.92c0,5.45,5.17,5.11,11.55,5.11c1.79,0,3.49,0,5,0\"><\/path>\t\t<path class=\"st2\" d=\"M111.53,69.59c-6.37,0-11.53,0.34-11.53-5.11V48.56c0-5.45,5.17-13.67,11.53-13.67    c6.38,0,11.55,8.22,11.55,13.67v15.92C123.08,69.93,117.85,69.59,111.53,69.59z\"><\/path>\t\t<path class=\"st2\" d=\"M44.02,51.82v-4.01c0-6.9,6.26-16.86,13.99-16.86c3.86,0,7.4,2.49,9.89,5.85c2.45,3.17,3.86,7.01,4.06,11.02    v19.14c0,4.44-2.61,5.58-6.54,5.82\"><\/path>\t\t<path class=\"st2\" d=\"M85.99,72.73c-7.73,0-14.04,1.13-14.04-5.77V47.81c0-6.9,6.26-16.86,13.99-16.86    c7.73,0,14.01,9.96,14.01,16.86v19.14C100,73.85,93.72,72.73,85.99,72.73z\"><\/path>\t\t<path class=\"st2\" d=\"M64.06,88.79c0.5-0.56,0.89-1.21,1.13-1.93c0.24-0.71,0.33-1.47,0.26-2.22V65.52c-0.2-4-1.63-7.85-4.09-11.02    c-2.55-3.36-6.04-5.85-9.9-5.85c-7.73,0-13.99,9.96-13.99,16.86v19.13c0,6.9,6.26,5.82,13.99,5.82c4.12,0,7.82,0.31,10.36-0.44\"><\/path>\t\t<path class=\"st2\" d=\"M54.37,90.49c8.28,8.99,14.81,24.43,19.25,35.53l-7.4-29.18L53.7,77.06l16.38,18.52    c0.93,1.06,1.63,2.31,2.03,3.66l7.95,26.86\"><\/path>\t\t<path class=\"st2\" d=\"M56.91,90.52l9.42,9.05\"><\/path>\t\t<path class=\"st2\" d=\"M28.56,73.48l0.52,1.48c0.3,0.82,0.78,1.56,1.4,2.17c0.62,0.62,1.36,1.09,2.17,1.4l1.48,0.52l-1.48,0.53    c-0.82,0.29-1.57,0.75-2.2,1.36c-0.63,0.61-1.11,1.34-1.43,2.15l-0.52,1.48l-0.53-1.48c-0.3-0.82-0.78-1.56-1.39-2.18    c-0.62-0.62-1.36-1.09-2.18-1.39l-1.48-0.53l1.48-0.52c0.82-0.3,1.56-0.78,2.18-1.39c0.62-0.62,1.09-1.36,1.39-2.18L28.56,73.48z\"><\/path>\t<\/g>\t<path class=\"st3\" d=\"M72,142.64c39.11,0,70.81-31.7,70.81-70.81S111.11,1.02,72,1.02S1.19,32.73,1.19,71.83S32.89,142.64,72,142.64   z\"><\/path><\/g><\/svg>\t\t\t\t<\/span>\n\t\t\t<\/div>\n\t\t\t\n\t\t\t\t\t\t<div class=\"elementor-icon-box-content\">\n\n\t\t\t\t\t\t\t\t\t<h3 class=\"elementor-icon-box-title\">\n\t\t\t\t\t\t<span  >\n\t\t\t\t\t\t\tDiagnostic Wax-Ups\t\t\t\t\t\t<\/span>\n\t\t\t\t\t<\/h3>\n\t\t\t\t\n\t\t\t\t\n\t\t\t<\/div>\n\t\t\t\n\t\t<\/div>\n\t\t\t\t\t\t<\/div>\n\t\t\t\t<\/div>\n\t\t\t\t\t<\/div>\n\t\t<\/div>\n\t\t\t\t\t<\/div>\n\t\t<\/section>\n\t\t\t\t<section class=\"elementor-section elementor-top-section elementor-element elementor-element-7b6ee16 elementor-section-boxed elementor-section-height-default elementor-section-height-default\" data-id=\"7b6ee16\" data-element_type=\"section\">\n\t\t\t\t\t\t<div class=\"elementor-container elementor-column-gap-no\">\n\t\t\t\t\t<div class=\"elementor-column elementor-col-25 elementor-top-column elementor-element elementor-element-cbc6796\" data-id=\"cbc6796\" data-element_type=\"column\">\n\t\t\t<div class=\"elementor-widget-wrap elementor-element-populated\">\n\t\t\t\t\t\t<div class=\"elementor-element elementor-element-558e7c6 elementor-widget elementor-widget-global elementor-global-5429 elementor-widget-heading\" data-id=\"558e7c6\" data-element_type=\"widget\" data-widget_type=\"heading.default\">\n\t\t\t\t<div class=\"elementor-widget-container\">\n\t\t\t\t\t<h2 class=\"elementor-heading-title elementor-size-default\">Categories<\/h2>\t\t\t\t<\/div>\n\t\t\t\t<\/div>\n\t\t\t\t<div class=\"elementor-element elementor-element-fd0eda7 elementor-nav-menu__align-start elementor-nav-menu--dropdown-none elementor-widget elementor-widget-global elementor-global-5216 elementor-widget-nav-menu\" data-id=\"fd0eda7\" data-element_type=\"widget\" id=\"gl-category\" data-settings=\"{&quot;layout&quot;:&quot;vertical&quot;,&quot;submenu_icon&quot;:{&quot;value&quot;:&quot;&quot;,&quot;library&quot;:&quot;&quot;}}\" data-widget_type=\"nav-menu.default\">\n\t\t\t\t<div class=\"elementor-widget-container\">\n\t\t\t\t\t\t\t\t<nav aria-label=\"Menu\" class=\"elementor-nav-menu--main elementor-nav-menu__container elementor-nav-menu--layout-vertical e--pointer-none\">\n\t\t\t\t<ul id=\"menu-1-fd0eda7\" class=\"elementor-nav-menu sm-vertical\"><li class=\"menu-item menu-item-type-post_type menu-item-object-page menu-item-5086\"><a href=\"https:\/\/co.glidewelldental.com\/en\/solutions\/veneers-group\/\" class=\"elementor-item\">View All<\/a><\/li>\n<li class=\"menu-item menu-item-type-post_type menu-item-object-page menu-item-5103\"><a href=\"https:\/\/co.glidewelldental.com\/en\/solutions\/veneers-group\/all-veneers\/\" class=\"elementor-item\">Veneers<\/a><\/li>\n<li class=\"menu-item menu-item-type-post_type menu-item-object-page menu-item-5105\"><a href=\"https:\/\/co.glidewelldental.com\/en\/solutions\/veneers-group\/diagnostic-wax-ups-group\/\" class=\"elementor-item\">Diagnostic Wax-Ups<\/a><\/li>\n<\/ul>\t\t\t<\/nav>\n\t\t\t\t\t\t<nav class=\"elementor-nav-menu--dropdown elementor-nav-menu__container\" aria-hidden=\"true\">\n\t\t\t\t<ul id=\"menu-2-fd0eda7\" class=\"elementor-nav-menu sm-vertical\"><li class=\"menu-item menu-item-type-post_type menu-item-object-page menu-item-5086\"><a href=\"https:\/\/co.glidewelldental.com\/en\/solutions\/veneers-group\/\" class=\"elementor-item\" tabindex=\"-1\">View All<\/a><\/li>\n<li class=\"menu-item menu-item-type-post_type menu-item-object-page menu-item-5103\"><a href=\"https:\/\/co.glidewelldental.com\/en\/solutions\/veneers-group\/all-veneers\/\" class=\"elementor-item\" tabindex=\"-1\">Veneers<\/a><\/li>\n<li class=\"menu-item menu-item-type-post_type menu-item-object-page menu-item-5105\"><a href=\"https:\/\/co.glidewelldental.com\/en\/solutions\/veneers-group\/diagnostic-wax-ups-group\/\" class=\"elementor-item\" tabindex=\"-1\">Diagnostic Wax-Ups<\/a><\/li>\n<\/ul>\t\t\t<\/nav>\n\t\t\t\t\t\t<\/div>\n\t\t\t\t<\/div>\n\t\t\t\t\t<\/div>\n\t\t<\/div>\n\t\t\t\t<div class=\"elementor-column elementor-col-25 elementor-top-column elementor-element elementor-element-a268880\" data-id=\"a268880\" data-element_type=\"column\" data-settings=\"{&quot;background_background&quot;:&quot;classic&quot;}\">\n\t\t\t<div class=\"elementor-widget-wrap elementor-element-populated\">\n\t\t\t\t\t\t<div class=\"elementor-element elementor-element-4828bec elementor-widget elementor-widget-global elementor-global-5471 elementor-widget-image\" data-id=\"4828bec\" data-element_type=\"widget\" data-widget_type=\"image.default\">\n\t\t\t\t<div class=\"elementor-widget-container\">\n\t\t\t\t\t\t\t\t\t\t\t\t\t\t\t\t<a href=\"https:\/\/co.glidewelldental.com\/en\/solutions\/veneers-group\/diagnostic-wax-ups-group\/3d-printed-wax-ups\/\">\n\t\t\t\t\t\t\t<img fetchpriority=\"high\" decoding=\"async\" width=\"800\" height=\"450\" src=\"https:\/\/co.glidewelldental.com\/wp-content\/uploads\/sites\/9\/2021\/11\/diagnostic-wax-ups.png\" class=\"attachment-large size-large wp-image-4952\" alt=\"Diagnostic Wax-Ups\" srcset=\"https:\/\/co.glidewelldental.com\/wp-content\/uploads\/sites\/9\/2021\/11\/diagnostic-wax-ups.png 800w, https:\/\/co.glidewelldental.com\/wp-content\/uploads\/sites\/9\/2021\/11\/diagnostic-wax-ups-300x169.png 300w, https:\/\/co.glidewelldental.com\/wp-content\/uploads\/sites\/9\/2021\/11\/diagnostic-wax-ups-768x432.png 768w, https:\/\/co.glidewelldental.com\/wp-content\/uploads\/sites\/9\/2021\/11\/diagnostic-wax-ups-18x10.png 18w\" sizes=\"(max-width: 800px) 100vw, 800px\" \/>\t\t\t\t\t\t\t\t<\/a>\n\t\t\t\t\t\t\t\t\t\t\t\t\t\t\t<\/div>\n\t\t\t\t<\/div>\n\t\t\t\t<div class=\"elementor-element elementor-element-5164697 elementor-widget elementor-widget-global elementor-global-5472 elementor-widget-heading\" data-id=\"5164697\" data-element_type=\"widget\" data-widget_type=\"heading.default\">\n\t\t\t\t<div class=\"elementor-widget-container\">\n\t\t\t\t\t<h2 class=\"elementor-heading-title elementor-size-default\">Diagnostic Wax-Ups<\/h2>\t\t\t\t<\/div>\n\t\t\t\t<\/div>\n\t\t\t\t<div class=\"elementor-element elementor-element-7bdc4cc elementor-widget elementor-widget-global elementor-global-5474 elementor-widget-text-editor\" data-id=\"7bdc4cc\" data-element_type=\"widget\" data-widget_type=\"text-editor.default\">\n\t\t\t\t<div class=\"elementor-widget-container\">\n\t\t\t\t\t\t\t\t\t<ul class=\"red-bull\" style=\"margin-left: 1rem;\"><li>Offers patients an accurate preview of their finished case<\/li><li>Use as a tool to review tooth shape, smile line, occlusion or vertical dimension<\/li><li>Includes temporary matrix, prepared tooth model and prep guide<\/li><\/ul>\t\t\t\t\t\t\t\t<\/div>\n\t\t\t\t<\/div>\n\t\t\t\t<div class=\"elementor-element elementor-element-09f9f84 elementor-align-center elementor-widget elementor-widget-global elementor-global-5475 elementor-widget-button\" data-id=\"09f9f84\" data-element_type=\"widget\" data-widget_type=\"button.default\">\n\t\t\t\t<div class=\"elementor-widget-container\">\n\t\t\t\t\t\t\t\t\t<div class=\"elementor-button-wrapper\">\n\t\t\t\t\t<a class=\"elementor-button elementor-button-link elementor-size-sm\" href=\"https:\/\/co.glidewelldental.com\/en\/solutions\/veneers-group\/diagnostic-wax-ups-group\/3d-printed-wax-ups\/\">\n\t\t\t\t\t\t<span class=\"elementor-button-content-wrapper\">\n\t\t\t\t\t\t\t\t\t<span class=\"elementor-button-text\">LEARN MORE<\/span>\n\t\t\t\t\t<\/span>\n\t\t\t\t\t<\/a>\n\t\t\t\t<\/div>\n\t\t\t\t\t\t\t\t<\/div>\n\t\t\t\t<\/div>\n\t\t\t\t\t<\/div>\n\t\t<\/div>\n\t\t\t\t<div class=\"elementor-column elementor-col-25 elementor-top-column elementor-element elementor-element-ab0a7b9\" data-id=\"ab0a7b9\" data-element_type=\"column\" data-settings=\"{&quot;background_background&quot;:&quot;classic&quot;}\">\n\t\t\t<div class=\"elementor-widget-wrap\">\n\t\t\t\t\t\t\t<\/div>\n\t\t<\/div>\n\t\t\t\t<div class=\"elementor-column elementor-col-25 elementor-top-column elementor-element elementor-element-0a98f65\" data-id=\"0a98f65\" data-element_type=\"column\" data-settings=\"{&quot;background_background&quot;:&quot;classic&quot;}\">\n\t\t\t<div class=\"elementor-widget-wrap\">\n\t\t\t\t\t\t\t<\/div>\n\t\t<\/div>\n\t\t\t\t\t<\/div>\n\t\t<\/section>\n\t\t\t\t<\/div>","protected":false},"excerpt":{"rendered":"<p>Encerado Diagn\u00f3stico Categor\u00edas Encerado Diagn\u00f3stico Ofrece a los pacientes una vista previa muy precisa de como se ver\u00e1 su caso terminado Utilizado como herramienta para revisar la forma de los dientes, la l\u00ednea de la sonrisa, la oclusi\u00f3n o la dimensi\u00f3n vertical Incluye matriz temporal, modelo de diente preparado y gu\u00eda de preparaci\u00f3n M\u00c1S INFORMACI\u00d3N<\/p>","protected":false},"author":53,"featured_media":0,"parent":4950,"menu_order":2,"comment_status":"closed","ping_status":"closed","template":"elementor_header_footer","meta":{"footnotes":""},"class_list":["post-5104","page","type-page","status-publish"],"yoast_head":"<!-- This site is optimized with the Yoast SEO plugin v25.3.1 - https:\/\/yoast.com\/wordpress\/plugins\/seo\/ -->\n<title>Encerado de Diagn\u00f3stico - Glidewell Dental Colombia<\/title>\n<meta name=\"robots\" content=\"index, follow, max-snippet:-1, max-image-preview:large, max-video-preview:-1\" \/>\n<link rel=\"canonical\" href=\"https:\/\/co.glidewelldental.com\/en\/solutions\/veneers-group\/diagnostic-wax-ups-group\/\" \/>\n<meta property=\"og:locale\" content=\"en_US\" \/>\n<meta property=\"og:type\" content=\"article\" \/>\n<meta property=\"og:title\" content=\"Encerado de Diagn\u00f3stico - Glidewell Dental Colombia\" \/>\n<meta property=\"og:description\" content=\"Encerado Diagn\u00f3stico Categor\u00edas Encerado Diagn\u00f3stico Ofrece a los pacientes una vista previa muy precisa de como se ver\u00e1 su caso terminado Utilizado como herramienta para revisar la forma de los dientes, la l\u00ednea de la sonrisa, la oclusi\u00f3n o la dimensi\u00f3n vertical Incluye matriz temporal, modelo de diente preparado y gu\u00eda de preparaci\u00f3n M\u00c1S INFORMACI\u00d3N\" \/>\n<meta property=\"og:url\" content=\"https:\/\/co.glidewelldental.com\/en\/solutions\/veneers-group\/diagnostic-wax-ups-group\/\" \/>\n<meta property=\"og:site_name\" content=\"Glidewell Dental Colombia\" \/>\n<meta property=\"article:modified_time\" content=\"2024-02-27T18:21:27+00:00\" \/>\n<meta property=\"og:image\" content=\"http:\/\/co.glidewelldental.com\/wp-content\/uploads\/sites\/9\/2021\/11\/diagnostic-wax-ups.png\" \/>\n<meta name=\"twitter:card\" content=\"summary_large_image\" \/>\n<meta name=\"twitter:label1\" content=\"Est. reading time\" \/>\n\t<meta name=\"twitter:data1\" content=\"1 minute\" \/>\n<script type=\"application\/ld+json\" class=\"yoast-schema-graph\">{\"@context\":\"https:\/\/schema.org\",\"@graph\":[{\"@type\":\"WebPage\",\"@id\":\"https:\/\/co.glidewelldental.com\/soluciones\/carillas\/encerado-de-diagnostico\/\",\"url\":\"https:\/\/co.glidewelldental.com\/soluciones\/carillas\/encerado-de-diagnostico\/\",\"name\":\"Encerado de Diagn\u00f3stico - Glidewell Dental Colombia\",\"isPartOf\":{\"@id\":\"https:\/\/co.glidewelldental.com\/#website\"},\"primaryImageOfPage\":{\"@id\":\"https:\/\/co.glidewelldental.com\/soluciones\/carillas\/encerado-de-diagnostico\/#primaryimage\"},\"image\":{\"@id\":\"https:\/\/co.glidewelldental.com\/soluciones\/carillas\/encerado-de-diagnostico\/#primaryimage\"},\"thumbnailUrl\":\"http:\/\/co.glidewelldental.com\/wp-content\/uploads\/sites\/9\/2021\/11\/diagnostic-wax-ups.png\",\"datePublished\":\"2021-12-09T00:08:52+00:00\",\"dateModified\":\"2024-02-27T18:21:27+00:00\",\"breadcrumb\":{\"@id\":\"https:\/\/co.glidewelldental.com\/soluciones\/carillas\/encerado-de-diagnostico\/#breadcrumb\"},\"inLanguage\":\"en-US\",\"potentialAction\":[{\"@type\":\"ReadAction\",\"target\":[\"https:\/\/co.glidewelldental.com\/soluciones\/carillas\/encerado-de-diagnostico\/\"]}]},{\"@type\":\"ImageObject\",\"inLanguage\":\"en-US\",\"@id\":\"https:\/\/co.glidewelldental.com\/soluciones\/carillas\/encerado-de-diagnostico\/#primaryimage\",\"url\":\"http:\/\/co.glidewelldental.com\/wp-content\/uploads\/sites\/9\/2021\/11\/diagnostic-wax-ups.png\",\"contentUrl\":\"http:\/\/co.glidewelldental.com\/wp-content\/uploads\/sites\/9\/2021\/11\/diagnostic-wax-ups.png\"},{\"@type\":\"BreadcrumbList\",\"@id\":\"https:\/\/co.glidewelldental.com\/soluciones\/carillas\/encerado-de-diagnostico\/#breadcrumb\",\"itemListElement\":[{\"@type\":\"ListItem\",\"position\":1,\"name\":\"Inicio\",\"item\":\"https:\/\/co.glidewelldental.com\/\"},{\"@type\":\"ListItem\",\"position\":2,\"name\":\"Soluciones\",\"item\":\"https:\/\/co.glidewelldental.com\/soluciones\/\"},{\"@type\":\"ListItem\",\"position\":3,\"name\":\"Carillas\",\"item\":\"https:\/\/co.glidewelldental.com\/soluciones\/carillas\/\"},{\"@type\":\"ListItem\",\"position\":4,\"name\":\"Encerado de Diagn\u00f3stico\"}]},{\"@type\":\"WebSite\",\"@id\":\"https:\/\/co.glidewelldental.com\/#website\",\"url\":\"https:\/\/co.glidewelldental.com\/\",\"name\":\"Glidewell Dental Colombia\",\"description\":\"Just another Glidewell Dental Labs Sites site\",\"publisher\":{\"@id\":\"https:\/\/co.glidewelldental.com\/#organization\"},\"potentialAction\":[{\"@type\":\"SearchAction\",\"target\":{\"@type\":\"EntryPoint\",\"urlTemplate\":\"https:\/\/co.glidewelldental.com\/?s={search_term_string}\"},\"query-input\":{\"@type\":\"PropertyValueSpecification\",\"valueRequired\":true,\"valueName\":\"search_term_string\"}}],\"inLanguage\":\"en-US\"},{\"@type\":\"Organization\",\"@id\":\"https:\/\/co.glidewelldental.com\/#organization\",\"name\":\"Glidewell Dental Colombia\",\"url\":\"https:\/\/co.glidewelldental.com\/\",\"logo\":{\"@type\":\"ImageObject\",\"inLanguage\":\"en-US\",\"@id\":\"https:\/\/co.glidewelldental.com\/#\/schema\/logo\/image\/\",\"url\":\"https:\/\/co.glidewelldental.com\/wp-content\/uploads\/sites\/9\/2022\/04\/logo-box.jpg\",\"contentUrl\":\"https:\/\/co.glidewelldental.com\/wp-content\/uploads\/sites\/9\/2022\/04\/logo-box.jpg\",\"width\":72,\"height\":72,\"caption\":\"Glidewell Dental Colombia\"},\"image\":{\"@id\":\"https:\/\/co.glidewelldental.com\/#\/schema\/logo\/image\/\"}}]}<\/script>\n<!-- \/ Yoast SEO plugin. -->","yoast_head_json":{"title":"Encerado de Diagn\u00f3stico - Glidewell Dental Colombia","robots":{"index":"index","follow":"follow","max-snippet":"max-snippet:-1","max-image-preview":"max-image-preview:large","max-video-preview":"max-video-preview:-1"},"canonical":"https:\/\/co.glidewelldental.com\/en\/solutions\/veneers-group\/diagnostic-wax-ups-group\/","og_locale":"en_US","og_type":"article","og_title":"Encerado de Diagn\u00f3stico - Glidewell Dental Colombia","og_description":"Encerado Diagn\u00f3stico Categor\u00edas Encerado Diagn\u00f3stico Ofrece a los pacientes una vista previa muy precisa de como se ver\u00e1 su caso terminado Utilizado como herramienta para revisar la forma de los dientes, la l\u00ednea de la sonrisa, la oclusi\u00f3n o la dimensi\u00f3n vertical Incluye matriz temporal, modelo de diente preparado y gu\u00eda de preparaci\u00f3n M\u00c1S INFORMACI\u00d3N","og_url":"https:\/\/co.glidewelldental.com\/en\/solutions\/veneers-group\/diagnostic-wax-ups-group\/","og_site_name":"Glidewell Dental Colombia","article_modified_time":"2024-02-27T18:21:27+00:00","og_image":[{"url":"http:\/\/co.glidewelldental.com\/wp-content\/uploads\/sites\/9\/2021\/11\/diagnostic-wax-ups.png","type":"","width":"","height":""}],"twitter_card":"summary_large_image","twitter_misc":{"Est. reading time":"1 minute"},"schema":{"@context":"https:\/\/schema.org","@graph":[{"@type":"WebPage","@id":"https:\/\/co.glidewelldental.com\/soluciones\/carillas\/encerado-de-diagnostico\/","url":"https:\/\/co.glidewelldental.com\/soluciones\/carillas\/encerado-de-diagnostico\/","name":"Encerado de Diagn\u00f3stico - Glidewell Dental Colombia","isPartOf":{"@id":"https:\/\/co.glidewelldental.com\/#website"},"primaryImageOfPage":{"@id":"https:\/\/co.glidewelldental.com\/soluciones\/carillas\/encerado-de-diagnostico\/#primaryimage"},"image":{"@id":"https:\/\/co.glidewelldental.com\/soluciones\/carillas\/encerado-de-diagnostico\/#primaryimage"},"thumbnailUrl":"http:\/\/co.glidewelldental.com\/wp-content\/uploads\/sites\/9\/2021\/11\/diagnostic-wax-ups.png","datePublished":"2021-12-09T00:08:52+00:00","dateModified":"2024-02-27T18:21:27+00:00","breadcrumb":{"@id":"https:\/\/co.glidewelldental.com\/soluciones\/carillas\/encerado-de-diagnostico\/#breadcrumb"},"inLanguage":"en-US","potentialAction":[{"@type":"ReadAction","target":["https:\/\/co.glidewelldental.com\/soluciones\/carillas\/encerado-de-diagnostico\/"]}]},{"@type":"ImageObject","inLanguage":"en-US","@id":"https:\/\/co.glidewelldental.com\/soluciones\/carillas\/encerado-de-diagnostico\/#primaryimage","url":"http:\/\/co.glidewelldental.com\/wp-content\/uploads\/sites\/9\/2021\/11\/diagnostic-wax-ups.png","contentUrl":"http:\/\/co.glidewelldental.com\/wp-content\/uploads\/sites\/9\/2021\/11\/diagnostic-wax-ups.png"},{"@type":"BreadcrumbList","@id":"https:\/\/co.glidewelldental.com\/soluciones\/carillas\/encerado-de-diagnostico\/#breadcrumb","itemListElement":[{"@type":"ListItem","position":1,"name":"Inicio","item":"https:\/\/co.glidewelldental.com\/"},{"@type":"ListItem","position":2,"name":"Soluciones","item":"https:\/\/co.glidewelldental.com\/soluciones\/"},{"@type":"ListItem","position":3,"name":"Carillas","item":"https:\/\/co.glidewelldental.com\/soluciones\/carillas\/"},{"@type":"ListItem","position":4,"name":"Encerado de Diagn\u00f3stico"}]},{"@type":"WebSite","@id":"https:\/\/co.glidewelldental.com\/#website","url":"https:\/\/co.glidewelldental.com\/","name":"Glidewell Dental Colombia","description":"Just another Glidewell Dental Labs Sites site","publisher":{"@id":"https:\/\/co.glidewelldental.com\/#organization"},"potentialAction":[{"@type":"SearchAction","target":{"@type":"EntryPoint","urlTemplate":"https:\/\/co.glidewelldental.com\/?s={search_term_string}"},"query-input":{"@type":"PropertyValueSpecification","valueRequired":true,"valueName":"search_term_string"}}],"inLanguage":"en-US"},{"@type":"Organization","@id":"https:\/\/co.glidewelldental.com\/#organization","name":"Glidewell Dental Colombia","url":"https:\/\/co.glidewelldental.com\/","logo":{"@type":"ImageObject","inLanguage":"en-US","@id":"https:\/\/co.glidewelldental.com\/#\/schema\/logo\/image\/","url":"https:\/\/co.glidewelldental.com\/wp-content\/uploads\/sites\/9\/2022\/04\/logo-box.jpg","contentUrl":"https:\/\/co.glidewelldental.com\/wp-content\/uploads\/sites\/9\/2022\/04\/logo-box.jpg","width":72,"height":72,"caption":"Glidewell Dental Colombia"},"image":{"@id":"https:\/\/co.glidewelldental.com\/#\/schema\/logo\/image\/"}}]}},"_links":{"self":[{"href":"https:\/\/co.glidewelldental.com\/en\/wp-json\/wp\/v2\/pages\/5104","targetHints":{"allow":["GET"]}}],"collection":[{"href":"https:\/\/co.glidewelldental.com\/en\/wp-json\/wp\/v2\/pages"}],"about":[{"href":"https:\/\/co.glidewelldental.com\/en\/wp-json\/wp\/v2\/types\/page"}],"author":[{"embeddable":true,"href":"https:\/\/co.glidewelldental.com\/en\/wp-json\/wp\/v2\/users\/53"}],"replies":[{"embeddable":true,"href":"https:\/\/co.glidewelldental.com\/en\/wp-json\/wp\/v2\/comments?post=5104"}],"version-history":[{"count":0,"href":"https:\/\/co.glidewelldental.com\/en\/wp-json\/wp\/v2\/pages\/5104\/revisions"}],"up":[{"embeddable":true,"href":"https:\/\/co.glidewelldental.com\/en\/wp-json\/wp\/v2\/pages\/4950"}],"wp:attachment":[{"href":"https:\/\/co.glidewelldental.com\/en\/wp-json\/wp\/v2\/media?parent=5104"}],"curies":[{"name":"wp","href":"https:\/\/api.w.org\/{rel}","templated":true}]}}